{"id":1321,"date":"2023-04-05T18:47:56","date_gmt":"2023-04-05T18:47:56","guid":{"rendered":"https:\/\/boomerang.click\/merci-de-nous-avoir-contactes\/"},"modified":"2023-07-18T16:12:45","modified_gmt":"2023-07-18T16:12:45","slug":"merci-de-nous-avoir-contactes","status":"publish","type":"page","link":"https:\/\/boomerang.click\/fr\/merci-de-nous-avoir-contactes\/","title":{"rendered":"Merci de nous avoir contact\u00e9s"},"content":{"rendered":"\n<h2>\n\t\tAgence de marketing num\u00e9rique de premier plan\n\t<\/h2>\n<h2>\n\t\tUne \u00e9quipe de confiance\n\t<\/h2>\n<h2>\n\t\tMerci beaucoup pour votre demande. Nous vous contacterons bient\u00f4t.  <br \/>Nous vous invitons \u00e0 choisir une date sur notre calendrier pour en discuter!\n\t<\/h2>\n\t<iframe src=\"https:\/\/api.hubsession.com\/widget\/booking\/VwNuaJZ8fzZ2SpP5ydXj\" scrolling=\"no\" id=\"msgsndr-calendar\"><\/iframe><br \/>\n\n","protected":false},"excerpt":{"rendered":"<p>Agence de marketing num\u00e9rique de premier plan Une \u00e9quipe de confiance Merci beaucoup pour votre demande. Nous vous contacterons bient\u00f4t. Nous vous invitons \u00e0 choisir une date sur notre calendrier pour en discuter!<\/p>\n","protected":false},"author":1,"featured_media":0,"parent":0,"menu_order":0,"comment_status":"closed","ping_status":"closed","template":"","meta":{"_seopress_robots_primary_cat":"","_seopress_titles_title":"","_seopress_titles_desc":"","_seopress_robots_index":"","site-sidebar-layout":"no-sidebar","site-content-layout":"page-builder","ast-site-content-layout":"default","site-content-style":"default","site-sidebar-style":"default","ast-global-header-display":"","ast-banner-title-visibility":"","ast-main-header-display":"","ast-hfb-above-header-display":"","ast-hfb-below-header-display":"","ast-hfb-mobile-header-display":"","site-post-title":"disabled","ast-breadcrumbs-content":"disabled","ast-featured-img":"","footer-sml-layout":"disabled","ast-disable-related-posts":"","theme-transparent-header-meta":"default","adv-header-id-meta":"","stick-header-meta":"","header-above-stick-meta":"","header-main-stick-meta":"","header-below-stick-meta":"","astra-migrate-meta-layouts":"default","ast-page-background-enabled":"default","ast-page-background-meta":{"desktop":{"background-color":"var(--ast-global-color-4)","background-image":"","background-repeat":"repeat","background-position":"center center","background-size":"auto","background-attachment":"scroll","background-type":"","background-media":"","overlay-type":"","overlay-color":"","overlay-opacity":"","overlay-gradient":""},"tablet":{"background-color":"","background-image":"","background-repeat":"repeat","background-position":"center center","background-size":"auto","background-attachment":"scroll","background-type":"","background-media":"","overlay-type":"","overlay-color":"","overlay-opacity":"","overlay-gradient":""},"mobile":{"background-color":"","background-image":"","background-repeat":"repeat","background-position":"center center","background-size":"auto","background-attachment":"scroll","background-type":"","background-media":"","overlay-type":"","overlay-color":"","overlay-opacity":"","overlay-gradient":""}},"ast-content-background-meta":{"desktop":{"background-color":"var(--ast-global-color-5)","background-image":"","background-repeat":"repeat","background-position":"center center","background-size":"auto","background-attachment":"scroll","background-type":"","background-media":"","overlay-type":"","overlay-color":"","overlay-opacity":"","overlay-gradient":""},"tablet":{"background-color":"var(--ast-global-color-5)","background-image":"","background-repeat":"repeat","background-position":"center center","background-size":"auto","background-attachment":"scroll","background-type":"","background-media":"","overlay-type":"","overlay-color":"","overlay-opacity":"","overlay-gradient":""},"mobile":{"background-color":"var(--ast-global-color-5)","background-image":"","background-repeat":"repeat","background-position":"center center","background-size":"auto","background-attachment":"scroll","background-type":"","background-media":"","overlay-type":"","overlay-color":"","overlay-opacity":"","overlay-gradient":""}},"footnotes":""},"class_list":["post-1321","page","type-page","status-publish","hentry"],"_links":{"self":[{"href":"https:\/\/boomerang.click\/fr\/wp-json\/wp\/v2\/pages\/1321","targetHints":{"allow":["GET"]}}],"collection":[{"href":"https:\/\/boomerang.click\/fr\/wp-json\/wp\/v2\/pages"}],"about":[{"href":"https:\/\/boomerang.click\/fr\/wp-json\/wp\/v2\/types\/page"}],"author":[{"embeddable":true,"href":"https:\/\/boomerang.click\/fr\/wp-json\/wp\/v2\/users\/1"}],"replies":[{"embeddable":true,"href":"https:\/\/boomerang.click\/fr\/wp-json\/wp\/v2\/comments?post=1321"}],"version-history":[{"count":3,"href":"https:\/\/boomerang.click\/fr\/wp-json\/wp\/v2\/pages\/1321\/revisions"}],"predecessor-version":[{"id":1927,"href":"https:\/\/boomerang.click\/fr\/wp-json\/wp\/v2\/pages\/1321\/revisions\/1927"}],"wp:attachment":[{"href":"https:\/\/boomerang.click\/fr\/wp-json\/wp\/v2\/media?parent=1321"}],"curies":[{"name":"wp","href":"https:\/\/api.w.org\/{rel}","templated":true}]}}