{"id":1323,"date":"2023-03-20T10:52:19","date_gmt":"2023-03-20T10:52:19","guid":{"rendered":"https:\/\/boomerang.click\/nous-contacter\/"},"modified":"2023-04-24T13:38:20","modified_gmt":"2023-04-24T13:38:20","slug":"nous-contacter","status":"publish","type":"page","link":"https:\/\/boomerang.click\/fr\/nous-contacter\/","title":{"rendered":"Nous contacter"},"content":{"rendered":"\n<h2>\n\t\tParlez-nous de votre projet\n\t<\/h2>\n\t<div class='fluentform ff-default fluentform_wrapper_10 ffs_default_wrap'><form data-form_id=\"10\" id=\"fluentform_10\" class=\"frm-fluent-form fluent_form_10 ff-el-form-top ff_form_instance_10_1 ff-form-loading ffs_default\" data-form_instance=\"ff_form_instance_10_1\" method=\"POST\" ><fieldset  style=\"border: none!important;margin: 0!important;padding: 0!important;background-color: transparent!important;box-shadow: none!important;outline: none!important; min-inline-size: 100%;\">\n                    <legend class=\"ff_screen_reader_title\" style=\"display: block; margin: 0!important;padding: 0!important;height: 0!important;text-indent: -999999px;width: 0!important;overflow:hidden;\">Contact Page form fr<\/legend><input type='hidden' name='__fluent_form_embded_post_id' value='1323' \/><input type=\"hidden\" id=\"_fluentform_10_fluentformnonce\" name=\"_fluentform_10_fluentformnonce\" value=\"14a7df2294\" \/><input type=\"hidden\" name=\"_wp_http_referer\" value=\"\/fr\/wp-json\/wp\/v2\/pages\/1323\" \/><div data-type=\"name-element\" data-name=\"names\" class=\" ff-field_container ff-name-field-wrapper\" ><div class='ff-t-container'><div class='ff-t-cell '><div class='ff-el-group  ff-el-form-hide_label'><div class=\"ff-el-input--label ff-el-is-required asterisk-right\"><label for='ff_10_names_first_name_' id='label_ff_10_names_first_name_' >First Name<\/label><\/div><div class='ff-el-input--content'><input type=\"text\" name=\"names[first_name]\" id=\"ff_10_names_first_name_\" class=\"ff-el-form-control\" placeholder=\"Pr\u00e9nom\" aria-invalid=\"false\" aria-required=true><\/div><\/div><\/div><div class='ff-t-cell '><div class='ff-el-group  ff-el-form-hide_label'><div class=\"ff-el-input--label ff-el-is-required asterisk-right\"><label for='ff_10_names_last_name_' id='label_ff_10_names_last_name_' >Last Name<\/label><\/div><div class='ff-el-input--content'><input type=\"text\" name=\"names[last_name]\" id=\"ff_10_names_last_name_\" class=\"ff-el-form-control\" placeholder=\"Nom de famille\" aria-invalid=\"false\" aria-required=true><\/div><\/div><\/div><\/div><\/div><div class='ff-el-group ff-el-form-hide_label'><div class=\"ff-el-input--label ff-el-is-required asterisk-right\"><label for='ff_10_email' id='label_ff_10_email' aria-label=\"Email\">Email<\/label><\/div><div class='ff-el-input--content'><input type=\"email\" name=\"email\" id=\"ff_10_email\" class=\"ff-el-form-control\" placeholder=\"Courriel\" data-name=\"email\"  aria-invalid=\"false\" aria-required=true><\/div><\/div><div class='ff-el-group ff-el-form-hide_label'><div class=\"ff-el-input--label ff-el-is-required asterisk-right\"><label for='ff_10_phone' id='label_ff_10_phone' aria-label=\"Phone\/Mobile\">Phone\/Mobile<\/label><\/div><div class='ff-el-input--content'><input name=\"phone\" class=\"ff-el-form-control ff-el-phone\" type=\"tel\" placeholder=\"Cellulaire\" data-name=\"phone\" id=\"ff_10_phone\" inputmode=\"tel\"  aria-invalid='false' aria-required=true><\/div><\/div><div class='ff-el-group ff-el-form-hide_label'><div class=\"ff-el-input--label ff-el-is-required asterisk-right\"><label for='ff_10_input_text_1' id='label_ff_10_input_text_1' aria-label=\"Text Input\">Text Input<\/label><\/div><div class='ff-el-input--content'><input type=\"text\" name=\"input_text_1\" class=\"ff-el-form-control\" placeholder=\"Compagnie\" data-name=\"input_text_1\" id=\"ff_10_input_text_1\"  aria-invalid=\"false\" aria-required=true><\/div><\/div><div class='ff-el-group ff-el-form-hide_label'><div class=\"ff-el-input--label asterisk-right\"><label for='ff_10_description' id='label_ff_10_description' aria-label=\"Textarea\">Textarea<\/label><\/div><div class='ff-el-input--content'><textarea aria-required=\"false\" aria-labelledby=\"label_ff_10_description\" name=\"description\" id=\"ff_10_description\" class=\"ff-el-form-control\" placeholder=\"Comment pouvons-nous vous aider?\" rows=\"3\" cols=\"2\" data-name=\"description\" ><\/textarea><\/div><\/div><div class='ff-el-group  ff_list_buttons'><div class=\"ff-el-input--label asterisk-right\"><label   aria-label=\"Quels services vous int\u00e9ressent?\">Quels services vous int\u00e9ressent?<\/label><\/div><div class='ff-el-input--content'><div class=\"ff_el_checkable_photo_holders\"><div class='ff-el-form-check ff-el-form-check- ff-el-image-holder'><label style='background-image: url(https:\/\/boomerang.click\/wp-content\/uploads\/2023\/03\/pay-per-click1.png)' class='ff-el-image-input-src' for='checkbox_2a3a03d5ea8f92cad46dec2e8d998ffb' aria-label='Pubs Payantes'><\/label><label class='ff-el-form-check-label' for='checkbox_2a3a03d5ea8f92cad46dec2e8d998ffb'><input  type=\"checkbox\" name=\"checkbox[]\" data-name=\"checkbox\" class=\"ff-el-form-check-input ff-el-form-check-checkbox\" value=\"Pubs Payantes\"  id='checkbox_2a3a03d5ea8f92cad46dec2e8d998ffb' aria-label='Pubs Payantes' aria-invalid='false' aria-required=false> <span>Pubs Payantes<\/span><\/label><\/div><div class='ff-el-form-check ff-el-form-check- ff-el-image-holder'><label style='background-image: url(https:\/\/boomerang.click\/wp-content\/uploads\/2023\/03\/seo1.png)' class='ff-el-image-input-src' for='checkbox_d6d848ded3e14c4f43058b8425b9fd0c' aria-label='SEO'><\/label><label class='ff-el-form-check-label' for='checkbox_d6d848ded3e14c4f43058b8425b9fd0c'><input  type=\"checkbox\" name=\"checkbox[]\" data-name=\"checkbox\" class=\"ff-el-form-check-input ff-el-form-check-checkbox\" value=\"SEO\"  id='checkbox_d6d848ded3e14c4f43058b8425b9fd0c' aria-label='SEO' aria-invalid='false' aria-required=false> <span>SEO<\/span><\/label><\/div><div class='ff-el-form-check ff-el-form-check- ff-el-image-holder'><label style='background-image: url(https:\/\/boomerang.click\/wp-content\/uploads\/2023\/03\/coding1.png)' class='ff-el-image-input-src' for='checkbox_257d2834eeaec82ef3d9977e6b0674d9' aria-label='Conception'><\/label><label class='ff-el-form-check-label' for='checkbox_257d2834eeaec82ef3d9977e6b0674d9'><input  type=\"checkbox\" name=\"checkbox[]\" data-name=\"checkbox\" class=\"ff-el-form-check-input ff-el-form-check-checkbox\" value=\"Conception\"  id='checkbox_257d2834eeaec82ef3d9977e6b0674d9' aria-label='Conception' aria-invalid='false' aria-required=false> <span>Conception<\/span><\/label><\/div><div class='ff-el-form-check ff-el-form-check- ff-el-image-holder'><label style='background-image: url(https:\/\/boomerang.click\/wp-content\/uploads\/2023\/03\/email1.png)' class='ff-el-image-input-src' for='checkbox_e8a89a02a4c9cfb9a196cd094c931185' aria-label='Email et Marketing SMS'><\/label><label class='ff-el-form-check-label' for='checkbox_e8a89a02a4c9cfb9a196cd094c931185'><input  type=\"checkbox\" name=\"checkbox[]\" data-name=\"checkbox\" class=\"ff-el-form-check-input ff-el-form-check-checkbox\" value=\"Email et Marketing SMS\"  id='checkbox_e8a89a02a4c9cfb9a196cd094c931185' aria-label='Email et Marketing SMS' aria-invalid='false' aria-required=false> <span>Email et Marketing SMS<\/span><\/label><\/div><div class='ff-el-form-check ff-el-form-check- ff-el-image-holder'><label style='background-image: url(https:\/\/boomerang.click\/wp-content\/uploads\/2023\/03\/social-media1.png)' class='ff-el-image-input-src' for='checkbox_f743c35130c79d54959a0592dcd8301f' aria-label='M\u00e9dias Sociaux'><\/label><label class='ff-el-form-check-label' for='checkbox_f743c35130c79d54959a0592dcd8301f'><input  type=\"checkbox\" name=\"checkbox[]\" data-name=\"checkbox\" class=\"ff-el-form-check-input ff-el-form-check-checkbox\" value=\"M\u00e9dias Sociaux\"  id='checkbox_f743c35130c79d54959a0592dcd8301f' aria-label='M\u00e9dias Sociaux' aria-invalid='false' aria-required=false> <span>M\u00e9dias Sociaux<\/span><\/label><\/div><div class='ff-el-form-check ff-el-form-check- ff-el-image-holder'><label style='background-image: url(https:\/\/boomerang.click\/wp-content\/uploads\/2023\/03\/more-icon.png)' class='ff-el-image-input-src' for='checkbox_cb35dcd3f2603ed7c5325796177c2e02' aria-label='PCAN ou autre'><\/label><label class='ff-el-form-check-label' for='checkbox_cb35dcd3f2603ed7c5325796177c2e02'><input  type=\"checkbox\" name=\"checkbox[]\" data-name=\"checkbox\" class=\"ff-el-form-check-input ff-el-form-check-checkbox\" value=\"PCAN ou autre\"  id='checkbox_cb35dcd3f2603ed7c5325796177c2e02' aria-label='PCAN ou autre' aria-invalid='false' aria-required=false> <span>PCAN ou autre<\/span><\/label><\/div><\/div><\/div><\/div><div class='ff-el-group ff-text-center full-button ff_submit_btn_wrapper'><button type=\"submit\" class=\"ff-btn ff-btn-submit ff-btn-md ff_btn_style\"  aria-label=\"Commencez\">Commencez<\/button><\/div><\/fieldset><\/form><div id='fluentform_10_errors' class='ff-errors-in-stack ff_form_instance_10_1 ff-form-loading_errors ff_form_instance_10_1_errors'><\/div><\/div>            <script type=\"text\/javascript\">\n                window.fluent_form_ff_form_instance_10_1 = {\"id\":\"10\",\"settings\":{\"layout\":{\"labelPlacement\":\"top\",\"helpMessagePlacement\":\"with_label\",\"errorMessagePlacement\":\"inline\",\"cssClassName\":\"\",\"asteriskPlacement\":\"asterisk-right\"},\"restrictions\":{\"denyEmptySubmission\":{\"enabled\":false}}},\"form_instance\":\"ff_form_instance_10_1\",\"form_id_selector\":\"fluentform_10\",\"rules\":{\"names[first_name]\":{\"required\":{\"value\":true,\"message\":\"This field is required\"}},\"names[middle_name]\":{\"required\":{\"value\":false,\"message\":\"This field is required\"}},\"names[last_name]\":{\"required\":{\"value\":true,\"message\":\"This field is required\"}},\"email\":{\"required\":{\"value\":true,\"message\":\"Ce champ est requis\"},\"email\":{\"value\":true,\"message\":\"le courriel doit \\u00eatre valide\"}},\"phone\":{\"required\":{\"value\":true,\"message\":\"Ce champ est requis\"},\"valid_phone_number\":{\"value\":false,\"message\":\"le # doit \\u00eatre valide\"}},\"input_text_1\":{\"required\":{\"value\":true,\"message\":\"Ce champ est requis\"}},\"description\":{\"required\":{\"value\":false,\"message\":\"This field is required\"}},\"checkbox\":{\"required\":{\"value\":false,\"message\":\"This field is required\"}}},\"debounce_time\":300};\n                            <\/script>\n            \n<h2>\n\t\tContactez-nous\n\t<\/h2>\n\t\t<h4>Adresse<\/h4>\n\t\t\t\t\t<p>260 rue d&rsquo;angoul\u00eame<br \/>Boucherville, QC J4B7V3<\/p>\t\t\t\t\n\t\t\t<a href=\"8889750177\" target=\"_self\" rel=\"noopener\">\n\t\t<h4>Num\u00e9ro de t\u00e9l\u00e9phone<\/h4>\n\t\t\t\t\t<p>888-975-0177<\/p>\t\t\t\t\n\t\t<\/a>\n\t\t\t<a href=\"mailto:info@boomerang.click\" target=\"_self\" rel=\"noopener\">\n\t\t<h4>Adresse \u00e9lectronique<\/h4>\n\t\t\t\t\t<p>info@boomerang.click<\/p>\t\t\t\t\n\t\t<\/a>\n\t<iframe src=\"https:\/\/www.google.com\/maps\/embed\/v1\/place?q=Boucherville%2C+Qu%C3%A9bec&#038;key=AIzaSyD09zQ9PNDNNy9TadMuzRV_UsPUoWKntt8\" aria-hidden=\"true\"><\/iframe>\n<h2>\n\t\tSuivez-nous\n\t<\/h2>\n\t\t\t<a href=\"#\" target=\"_blank\" rel=\"noopener\">\n\t\t<h4>Aimez-nous<\/h4>\n\t\t\t<p>pour rester en contact !<\/p>\t\t\n\t\t<\/a>\n\t\t\t<a href=\"#\" target=\"_blank\" rel=\"noopener\">\n\t\t<h4>Rejoignez-nous<\/h4>\n\t\t\t<p>et suivez notre histoire !<\/p>\t\t\n\t\t<\/a>\n\t\t\t<a href=\"#\" target=\"_blank\" rel=\"noopener\">\n\t\t<h4>Contactez-nous<\/h4>\n\t\t\t<p>Nouvelles de l&rsquo;entreprise et de l&rsquo;industrie !<\/p>\t\t\n\t\t<\/a>\n\t\t\t<a href=\"#\" target=\"_blank\" rel=\"noopener\">\n\t\t<h4>Abonnez-nous<\/h4>\n\t\t\t<p>\u00e0 notre fil RSS<\/p>\t\t\n\t\t<\/a>\n\n","protected":false},"excerpt":{"rendered":"<p>Parlez-nous de votre projet Contactez-nous Adresse 260 rue d&rsquo;angoul\u00eameBoucherville, QC J4B7V3 Num\u00e9ro de t\u00e9l\u00e9phone 888-975-0177 Adresse \u00e9lectronique info@boomerang.click Suivez-nous Aimez-nous pour rester en contact ! Rejoignez-nous et suivez notre histoire ! Contactez-nous Nouvelles de l&rsquo;entreprise et de l&rsquo;industrie ! Abonnez-nous \u00e0 notre fil RSS<\/p>\n","protected":false},"author":2,"featured_media":0,"parent":0,"menu_order":0,"comment_status":"closed","ping_status":"closed","template":"","meta":{"_seopress_robots_primary_cat":"","_seopress_titles_title":"","_seopress_titles_desc":"","_seopress_robots_index":"","site-sidebar-layout":"no-sidebar","site-content-layout":"page-builder","ast-site-content-layout":"default","site-content-style":"default","site-sidebar-style":"default","ast-global-header-display":"","ast-banner-title-visibility":"","ast-main-header-display":"","ast-hfb-above-header-display":"","ast-hfb-below-header-display":"","ast-hfb-mobile-header-display":"","site-post-title":"disabled","ast-breadcrumbs-content":"disabled","ast-featured-img":"disabled","footer-sml-layout":"disabled","ast-disable-related-posts":"","theme-transparent-header-meta":"default","adv-header-id-meta":"","stick-header-meta":"","header-above-stick-meta":"","header-main-stick-meta":"","header-below-stick-meta":"","astra-migrate-meta-layouts":"default","ast-page-background-enabled":"default","ast-page-background-meta":{"desktop":{"background-color":"var(--ast-global-color-4)","background-image":"","background-repeat":"repeat","background-position":"center center","background-size":"auto","background-attachment":"scroll","background-type":"","background-media":"","overlay-type":"","overlay-color":"","overlay-opacity":"","overlay-gradient":""},"tablet":{"background-color":"","background-image":"","background-repeat":"repeat","background-position":"center center","background-size":"auto","background-attachment":"scroll","background-type":"","background-media":"","overlay-type":"","overlay-color":"","overlay-opacity":"","overlay-gradient":""},"mobile":{"background-color":"","background-image":"","background-repeat":"repeat","background-position":"center center","background-size":"auto","background-attachment":"scroll","background-type":"","background-media":"","overlay-type":"","overlay-color":"","overlay-opacity":"","overlay-gradient":""}},"ast-content-background-meta":{"desktop":{"background-color":"var(--ast-global-color-5)","background-image":"","background-repeat":"repeat","background-position":"center center","background-size":"auto","background-attachment":"scroll","background-type":"","background-media":"","overlay-type":"","overlay-color":"","overlay-opacity":"","overlay-gradient":""},"tablet":{"background-color":"var(--ast-global-color-5)","background-image":"","background-repeat":"repeat","background-position":"center center","background-size":"auto","background-attachment":"scroll","background-type":"","background-media":"","overlay-type":"","overlay-color":"","overlay-opacity":"","overlay-gradient":""},"mobile":{"background-color":"var(--ast-global-color-5)","background-image":"","background-repeat":"repeat","background-position":"center center","background-size":"auto","background-attachment":"scroll","background-type":"","background-media":"","overlay-type":"","overlay-color":"","overlay-opacity":"","overlay-gradient":""}},"footnotes":""},"class_list":["post-1323","page","type-page","status-publish","hentry"],"_links":{"self":[{"href":"https:\/\/boomerang.click\/fr\/wp-json\/wp\/v2\/pages\/1323","targetHints":{"allow":["GET"]}}],"collection":[{"href":"https:\/\/boomerang.click\/fr\/wp-json\/wp\/v2\/pages"}],"about":[{"href":"https:\/\/boomerang.click\/fr\/wp-json\/wp\/v2\/types\/page"}],"author":[{"embeddable":true,"href":"https:\/\/boomerang.click\/fr\/wp-json\/wp\/v2\/users\/2"}],"replies":[{"embeddable":true,"href":"https:\/\/boomerang.click\/fr\/wp-json\/wp\/v2\/comments?post=1323"}],"version-history":[{"count":3,"href":"https:\/\/boomerang.click\/fr\/wp-json\/wp\/v2\/pages\/1323\/revisions"}],"predecessor-version":[{"id":1809,"href":"https:\/\/boomerang.click\/fr\/wp-json\/wp\/v2\/pages\/1323\/revisions\/1809"}],"wp:attachment":[{"href":"https:\/\/boomerang.click\/fr\/wp-json\/wp\/v2\/media?parent=1323"}],"curies":[{"name":"wp","href":"https:\/\/api.w.org\/{rel}","templated":true}]}}