{"id":1471,"date":"2023-04-07T17:59:07","date_gmt":"2023-04-07T17:59:07","guid":{"rendered":"https:\/\/boomerang.click\/politique-de-confidentialite\/"},"modified":"2025-01-31T18:14:10","modified_gmt":"2025-01-31T18:14:10","slug":"politique-de-confidentialite","status":"publish","type":"page","link":"https:\/\/boomerang.click\/fr\/politique-de-confidentialite\/","title":{"rendered":"Politique de confidentialit\u00e9"},"content":{"rendered":"\n<h2>\n\t\tAgence de marketing num\u00e9rique de premier plan\n\t<\/h2>\n<h2>\n\t\tPolitiques de confidentialit\u00e9\n\t<\/h2>\n\t<p><strong>Politiques de confidentialit\u00e9<\/strong><\/p>\n<p>To view the policy in english click <a href=\"https:\/\/boomerang.click\/fr\/politique-de-confidentialite\/\">here<\/a><\/p>\n<p><strong>Loi sur la protection des renseignements personnels<\/strong><\/p>\nNom du responsable : Alain Picard<br \/>\nTitre : Pr\u00e9sident<br \/>\nCourriel : info@boomerang.click\n<p>Boomerang.click recueille et utilise les informations personnelles que vous soumettez en ligne comme d\u00e9crit ici. Boomerang.click se r\u00e9serve le droit de modifier les termes de cette politique \u00e0 tout moment. Ces modifications entrent en vigueur d\u00e8s leur publication. En continuant \u00e0 utiliser Boomerang.click ou en vous y inscrivant, vous acceptez ces conditions. Si vous n&rsquo;acceptez pas les termes de cette politique, en tout ou en partie, vous n&rsquo;\u00eates pas autoris\u00e9 \u00e0 utiliser le site web et vous devez mettre fin \u00e0 votre inscription en suivant les instructions de d\u00e9sinscription.<\/p>\n<p><strong>Collecte d&rsquo;informations<\/strong><\/p>\n<p>Boomerang.click ne recueille que les informations personnelles que vous fournissez en r\u00e9ponse \u00e0 des demandes d&rsquo;informations sp\u00e9cifiques sur Boomerang.click. Ces informations peuvent comprendre, entre autres, le nom, l&rsquo;adresse, le num\u00e9ro de t\u00e9l\u00e9phone et l&rsquo;adresse \u00e9lectronique. En outre, nous pouvons collecter votre adresse IP et d&rsquo;autres informations par le biais de cookies \u00e9lectroniques. Des tiers utilisent \u00e9galement des cookies, des balises web et des technologies similaires pour collecter ou recevoir des informations sur notre site web et ailleurs sur l&rsquo;internet, et utilisent ces informations pour fournir des services de mesure et pour cibler la publicit\u00e9,<\/p>\n<p><strong>Utilisation des informations<\/strong><\/p>\n<p>En vous inscrivant sur Boomerang.click, vous consentez \u00e0 la collecte, au traitement et au transfert de vos informations personnelles conform\u00e9ment \u00e0 la pr\u00e9sente politique. Boomerang.click peut utiliser vos informations : (1) dans le but pour lequel elles ont \u00e9t\u00e9 collect\u00e9es, comme indiqu\u00e9 au moment o\u00f9 ces informations nous sont fournies et pour vous contacter au t\u00e9l\u00e9phone, par courriel et par sms; (2) pour prot\u00e9ger les droits ou la propri\u00e9t\u00e9 de Boomerang.click et d&rsquo;autres inscrits sur les sites Web de Boomerang.click, et (3) comme l&rsquo;exige la loi f\u00e9d\u00e9rale, d&rsquo;\u00e9tat\/provinciale ou locale. Nous pouvons \u00e9galement partager vos informations personnelles avec nos partenaires de confiance, nos annonceurs, nos prestataires de services et d&rsquo;autres tiers qui, selon nous, peuvent vous fournir des informations ou une assistance en rapport avec votre demande initiale en ligne ou avec des offres sp\u00e9ciales et des opportunit\u00e9s suppl\u00e9mentaires. Boomerang.click s\u00e9lectionne les tiers avec lesquels il partage des informations personnelles mais ne donne aucune garantie quant \u00e0 l&rsquo;utilisation et \u00e0 la protection de vos informations personnelles, ni quant \u00e0 leur volont\u00e9 ou leur capacit\u00e9 \u00e0 respecter notre politique de confidentialit\u00e9. De plus, Boomerang.click n&rsquo;est pas responsable du contenu ou des pratiques de confidentialit\u00e9 des sites Web vers lesquels Boomerang.click renvoie.<\/p>\n<p><strong>Conformit\u00e9 au registre des num\u00e9ros de t\u00e9l\u00e9phone exclus<\/strong><\/p>\n<p>En soumettant des informations personnelles et\/ou financi\u00e8res \u00e0 Boomerang.click par le biais de son site web, \u00e0 moins que vous ne choisissiez de ne pas recevoir de telles communications, vous accordez par la pr\u00e9sente une autorisation \u00e9crite \u00e0 Boomerang.click et \u00e0 ses partenaires commerciaux de vous contacter par t\u00e9l\u00e9phone, par courrier et\/ou par e-mail. De plus, en vous inscrivant sur Boomerang.click via ce site web, vous consentez \u00e0 recevoir des appels t\u00e9l\u00e9phoniques de Boomerang.click et de ses partenaires commerciaux dans le cadre de la r\u00e9glementation sur l&rsquo;interdiction d&rsquo;appeler et, de ce fait, les personnes inscrites renoncent \u00e0 leur droit de d\u00e9poser une plainte aupr\u00e8s de la FTC ou de toute autre agence en ce qui concerne ces appels ou contacts.<\/p>\n<p><strong>Possibilit\u00e9 de retrait<\/strong><\/p>\n<p>Les personnes inscrites \u00e0 Boomerang.click peuvent refuser de recevoir d&rsquo;autres communications par e-mail de Boomerang.click \u00e0 tout moment en suivant les instructions de d\u00e9sinscription figurant dans tout e-mail de Boomerang.click re\u00e7u par la personne inscrite. Veuillez noter que le fait de vous d\u00e9sabonner de la liste de diffusion de Boomerang.click ne vous d\u00e9sabonne pas automatiquement d&rsquo;une liste de diffusion de nos affili\u00e9s, partenaires commerciaux ou autres tiers. Veuillez lire attentivement l&rsquo;e-mail pour savoir de quelle liste vous vous d\u00e9sinscrivez. Vous devez contacter directement nos soci\u00e9t\u00e9s affili\u00e9es, nos partenaires commerciaux ou d&rsquo;autres tiers pour obtenir des instructions d&rsquo;exclusion. Vous pouvez refuser tout autre contact direct de notre part, y compris, mais sans s&rsquo;y limiter, les contacts par t\u00e9l\u00e9phone ou les communications par courrier postal, en envoyant un avis \u00e9crit par courrier \u00e9lectronique \u00e0 info@Boomerang.click. Veuillez noter que le traitement de votre demande peut prendre jusqu&rsquo;\u00e0 dix jours. Votre demande de retrait des communications futures ne s&rsquo;applique qu&rsquo;aux communications \u00e9manant directement de Boomerang.click.<\/p>\n<p><strong>S\u00e9curit\u00e9<\/strong><\/p>\n<p>Boomerang.click surveille r\u00e9guli\u00e8rement son site web et ses bases de donn\u00e9es pour d\u00e9tecter les fraudes, les abus et l&rsquo;utilisation non autoris\u00e9e des informations afin de prot\u00e9ger vos informations personnelles qui sont sous notre contr\u00f4le.<\/p>\n<p><strong>Consentement \u00e0 la TCPA<\/strong><\/p>\n<p>En soumettant un formulaire de demande de devis, vous autorisez les entreprises de r\u00e9novation ou autres \u00e0 vous appeler au num\u00e9ro de t\u00e9l\u00e9phone indiqu\u00e9 pour discuter de votre projet. Vous comprenez que certains d&rsquo;entre eux peuvent utiliser une technologie t\u00e9l\u00e9phonique automatis\u00e9e et que vous n&rsquo;\u00eates en aucun cas tenu d&rsquo;acheter des produits ou des services aupr\u00e8s d&rsquo;eux. C&rsquo;est votre choix.<\/p>\n<p><strong>Affectation<\/strong><\/p>\n<p>Boomerang.click peut, \u00e0 sa seule discr\u00e9tion, transf\u00e9rer, vendre ou c\u00e9der vos informations personnelles recueillies sur et par le biais de ce site Web \u00e0 un ou plusieurs tiers, dans le cadre d&rsquo;une vente, d&rsquo;une fusion, d&rsquo;une consolidation, d&rsquo;un changement de contr\u00f4le, d&rsquo;un transfert d&rsquo;actifs substantiels, d&rsquo;une r\u00e9organisation ou d&rsquo;une liquidation de Boomerang.click.<\/p>\n<p><strong>Nous contacter<\/strong><\/p>\n<p>Si vous avez des questions concernant le pr\u00e9sent avis de confidentialit\u00e9, vous pouvez les poser :<\/p>\n<p><a href=\"https:\/\/boomerang.click\/fr\/nous-contacter\/\">https:\/\/boomerang.click\/fr\/nous-contacter\/<\/a><\/p>\n<p>Pour signaler un incident de confidentialit\u00e9, veuillez compl\u00e9ter le formulaire suivant.<\/p>\n<div class='fluentform ff-default fluentform_wrapper_16 ffs_default_wrap'><form data-form_id=\"16\" id=\"fluentform_16\" class=\"frm-fluent-form fluent_form_16 ff-el-form-top ff_form_instance_16_1 ff-form-loading ff_has_v3_recptcha ffs_default\" data-form_instance=\"ff_form_instance_16_1\" method=\"POST\" data-recptcha_key=\"6LcYNIsoAAAAAEutQik2O2mVNgeqJcn3WVRQYeyo\" ><fieldset  style=\"border: none!important;margin: 0!important;padding: 0!important;background-color: transparent!important;box-shadow: none!important;outline: none!important; min-inline-size: 100%;\">\n                    <legend class=\"ff_screen_reader_title\" style=\"display: block; margin: 0!important;padding: 0!important;height: 0!important;text-indent: -999999px;width: 0!important;overflow:hidden;\">loi 25 fr<\/legend><input type='hidden' name='__fluent_form_embded_post_id' value='1471' \/><input type=\"hidden\" id=\"_fluentform_16_fluentformnonce\" name=\"_fluentform_16_fluentformnonce\" value=\"14a7df2294\" \/><input type=\"hidden\" name=\"_wp_http_referer\" value=\"\/fr\/wp-json\/wp\/v2\/pages\/1471\" \/><div data-type=\"name-element\" data-name=\"names\" class=\" ff-field_container ff-name-field-wrapper\" ><div class='ff-t-container'><div class='ff-t-cell '><div class='ff-el-group  ff-el-form-top'><div class=\"ff-el-input--label ff-el-is-required asterisk-right\"><label for='ff_16_names_first_name_' id='label_ff_16_names_first_name_' >Pr\u00e9nom<\/label><\/div><div class='ff-el-input--content'><input type=\"text\" name=\"names[first_name]\" id=\"ff_16_names_first_name_\" class=\"ff-el-form-control\" placeholder=\"Pr\u00e9nom\" aria-invalid=\"false\" aria-required=true><\/div><\/div><\/div><div class='ff-t-cell '><div class='ff-el-group  ff-el-form-top'><div class=\"ff-el-input--label ff-el-is-required asterisk-right\"><label for='ff_16_names_last_name_' id='label_ff_16_names_last_name_' >Nom de famille<\/label><\/div><div class='ff-el-input--content'><input type=\"text\" name=\"names[last_name]\" id=\"ff_16_names_last_name_\" class=\"ff-el-form-control\" placeholder=\"Nom de famille\" aria-invalid=\"false\" aria-required=true><\/div><\/div><\/div><\/div><\/div><div class='ff-el-group'><div class=\"ff-el-input--label ff-el-is-required asterisk-right\"><label for='ff_16_email' id='label_ff_16_email' aria-label=\"Courriel\">Courriel<\/label><\/div><div class='ff-el-input--content'><input type=\"email\" name=\"email\" id=\"ff_16_email\" class=\"ff-el-form-control\" placeholder=\"Courriel\" data-name=\"email\"  aria-invalid=\"false\" aria-required=true><\/div><\/div><div class='ff-el-group'><div class=\"ff-el-input--label ff-el-is-required asterisk-right\"><label for='ff_16_datetime' id='label_ff_16_datetime' aria-label=\"Date de l&#039;incident\">Date de l'incident<\/label><\/div><div class='ff-el-input--content'><input  aria-label='Date de l'incident Use arrow keys to navigate dates. Press enter to select a date.'  aria-haspopup='dialog' data-type-datepicker data-format='d\/m\/Y' type=\"text\" name=\"datetime\" id=\"ff_16_datetime\" class=\"ff-el-form-control ff-el-datepicker\" data-name=\"datetime\"  aria-invalid='false' aria-required=true><\/div><\/div><div class='ff-el-group'><div class=\"ff-el-input--label ff-el-is-required asterisk-right\"><label   aria-label=\"Types de renseignements personnels affect\u00e9s\">Types de renseignements personnels affect\u00e9s<\/label><\/div><div class='ff-el-input--content'><div class='ff-el-form-check ff-el-form-check-'><label class='ff-el-form-check-label' for='checkbox_1_e405d896be338292561ddd2f10c70fb2'><input  type=\"checkbox\" name=\"checkbox_1[]\" data-name=\"checkbox_1\" class=\"ff-el-form-check-input ff-el-form-check-checkbox\" value=\"Nom\"  id='checkbox_1_e405d896be338292561ddd2f10c70fb2' aria-label='Nom' aria-invalid='false' aria-required=true> <span>Nom<\/span><\/label><\/div><div class='ff-el-form-check ff-el-form-check-'><label class='ff-el-form-check-label' for='checkbox_1_ca0c8562f1015566dd6fc6128e44ee96'><input  type=\"checkbox\" name=\"checkbox_1[]\" data-name=\"checkbox_1\" class=\"ff-el-form-check-input ff-el-form-check-checkbox\" value=\"Num\u00e9ro de t\u00e9l\u00e9phone\"  id='checkbox_1_ca0c8562f1015566dd6fc6128e44ee96' aria-label='Num\u00e9ro de t\u00e9l\u00e9phone' aria-invalid='false' aria-required=true> <span>Num\u00e9ro de t\u00e9l\u00e9phone<\/span><\/label><\/div><div class='ff-el-form-check ff-el-form-check-'><label class='ff-el-form-check-label' for='checkbox_1_a70f6b89e7b5b382079ee90778c454e5'><input  type=\"checkbox\" name=\"checkbox_1[]\" data-name=\"checkbox_1\" class=\"ff-el-form-check-input ff-el-form-check-checkbox\" value=\"Adress courriel\"  id='checkbox_1_a70f6b89e7b5b382079ee90778c454e5' aria-label='Adress courriel' aria-invalid='false' aria-required=true> <span>Adress courriel<\/span><\/label><\/div><div class='ff-el-form-check ff-el-form-check-'><label class='ff-el-form-check-label' for='checkbox_1_0a594eb138703a3c422bef03997628bd'><input  type=\"checkbox\" name=\"checkbox_1[]\" data-name=\"checkbox_1\" class=\"ff-el-form-check-input ff-el-form-check-checkbox\" value=\"Autre\"  id='checkbox_1_0a594eb138703a3c422bef03997628bd' aria-label='Autre' aria-invalid='false' aria-required=true> <span>Autre<\/span><\/label><\/div><\/div><\/div><div class='ff-el-group'><div class=\"ff-el-input--label ff-el-is-required asterisk-right\"><label   aria-label=\"Type d&#039;incident\">Type d'incident<\/label><\/div><div class='ff-el-input--content'><div class='ff-el-form-check ff-el-form-check-'><label class='ff-el-form-check-label' for='checkbox_2_b9387be35a76b1361bb0ecd1bb5ab28f'><input  type=\"checkbox\" name=\"checkbox_2[]\" data-name=\"checkbox_2\" class=\"ff-el-form-check-input ff-el-form-check-checkbox\" value=\"Acc\u00e8s non autoris\u00e9 par un(des) acteur(s) malveillant(s) ou potentiellement malveillant(s)\"  id='checkbox_2_b9387be35a76b1361bb0ecd1bb5ab28f' aria-label='Acc\u00e8s non autoris\u00e9 par un(des) acteur(s) malveillant(s) ou potentiellement malveillant(s)' aria-invalid='false' aria-required=true> <span>Acc\u00e8s non autoris\u00e9 par un(des) acteur(s) malveillant(s) ou potentiellement malveillant(s)<\/span><\/label><\/div><div class='ff-el-form-check ff-el-form-check-'><label class='ff-el-form-check-label' for='checkbox_2_cf100ac7d4f60ec1c41128333e2ecd45'><input  type=\"checkbox\" name=\"checkbox_2[]\" data-name=\"checkbox_2\" class=\"ff-el-form-check-input ff-el-form-check-checkbox\" value=\"Divulgation accidentelle (. ex communication mal adress\u00e9e, renseignement accidentellement mal s\u00e9curis\u00e9)\"  id='checkbox_2_cf100ac7d4f60ec1c41128333e2ecd45' aria-label='Divulgation accidentelle (. ex communication mal adress\u00e9e, renseignement accidentellement mal s\u00e9curis\u00e9)' aria-invalid='false' aria-required=true> <span>Divulgation accidentelle (. ex communication mal adress\u00e9e, renseignement accidentellement mal s\u00e9curis\u00e9)<\/span><\/label><\/div><div class='ff-el-form-check ff-el-form-check-'><label class='ff-el-form-check-label' for='checkbox_2_4f3208007964f111612563272f97e84b'><input  type=\"checkbox\" name=\"checkbox_2[]\" data-name=\"checkbox_2\" class=\"ff-el-form-check-input ff-el-form-check-checkbox\" value=\"Perte de dispositif physiques ou de dossiers papier contenant des renseignements personnels\"  id='checkbox_2_4f3208007964f111612563272f97e84b' aria-label='Perte de dispositif physiques ou de dossiers papier contenant des renseignements personnels' aria-invalid='false' aria-required=true> <span>Perte de dispositif physiques ou de dossiers papier contenant des renseignements personnels<\/span><\/label><\/div><div class='ff-el-form-check ff-el-form-check-'><label class='ff-el-form-check-label' for='checkbox_2_d58ec74020a2add28395f06250f89f0e'><input  type=\"checkbox\" name=\"checkbox_2[]\" data-name=\"checkbox_2\" class=\"ff-el-form-check-input ff-el-form-check-checkbox\" value=\"Vol de dispositifs physiques ou dossiers papier contenant des renseignements personnels\"  id='checkbox_2_d58ec74020a2add28395f06250f89f0e' aria-label='Vol de dispositifs physiques ou dossiers papier contenant des renseignements personnels' aria-invalid='false' aria-required=true> <span>Vol de dispositifs physiques ou dossiers papier contenant des renseignements personnels<\/span><\/label><\/div><div class='ff-el-form-check ff-el-form-check-'><label class='ff-el-form-check-label' for='checkbox_2_8d2e3ad35c4a370e64962338267ff897'><input  type=\"checkbox\" name=\"checkbox_2[]\" data-name=\"checkbox_2\" class=\"ff-el-form-check-input ff-el-form-check-checkbox\" value=\"Autre\"  id='checkbox_2_8d2e3ad35c4a370e64962338267ff897' aria-label='Autre' aria-invalid='false' aria-required=true> <span>Autre<\/span><\/label><\/div><\/div><\/div><div class='ff-el-group'><div class=\"ff-el-input--label ff-el-is-required asterisk-right\"><label for='ff_16_description' id='label_ff_16_description' aria-label=\"Description de toutes les organisations vis\u00e9es par l&#039;atteinte y compris leur r\u00f4le en ce qui a trait aux renseignements personnels en question\">Description de toutes les organisations vis\u00e9es par l'atteinte y compris leur r\u00f4le en ce qui a trait aux renseignements personnels en question<\/label><\/div><div class='ff-el-input--content'><textarea aria-required=\"true\" aria-labelledby=\"label_ff_16_description\" name=\"description\" id=\"ff_16_description\" class=\"ff-el-form-control\" rows=\"3\" cols=\"2\" data-name=\"description\" ><\/textarea><\/div><\/div><div class='ff-el-group'><div class=\"ff-el-input--label ff-el-is-required asterisk-right\"><label for='ff_16_description_1' id='label_ff_16_description_1' aria-label=\"Comment et pourquoi l&#039;atteinte a eu lieu?\">Comment et pourquoi l'atteinte a eu lieu?<\/label><\/div><div class='ff-el-input--content'><textarea aria-required=\"true\" aria-labelledby=\"label_ff_16_description_1\" name=\"description_1\" id=\"ff_16_description_1\" class=\"ff-el-form-control\" rows=\"3\" cols=\"2\" data-name=\"description_1\" ><\/textarea><\/div><\/div><div class='ff-el-group ff-el-form-hide_label'><div class=\"ff-el-input--label ff-el-is-required asterisk-right\"><label   aria-label=\"Par la pr\u00e9sente, je consens d\u2019une fa\u00e7on libre et \u00e9clair\u00e9e, \u00e0 ce que tous les renseignements que j\u2019ai communiqu\u00e9s soient consign\u00e9s dans un dossier qui sera cr\u00e9\u00e9 \u00e0 propos de cet incident de confidentialit\u00e9 ou pour tout autre incident similaire. Je suis conscient que le dossier qui sera constitu\u00e9 sur l&#039;incident sera accessible \u00e0 toutes personnes impliqu\u00e9es dans le processus d&#039;enqu\u00eate s&#039;y rattachant.\">Par la pr\u00e9sente, je consens d\u2019une fa\u00e7on libre et \u00e9clair\u00e9e, \u00e0 ce que tous les renseignements que j\u2019ai communiqu\u00e9s soient consign\u00e9s dans un dossier qui sera cr\u00e9\u00e9 \u00e0 propos de cet incident de confidentialit\u00e9 ou pour tout autre incident similaire. Je suis conscient que le dossier qui sera constitu\u00e9 sur l'incident sera accessible \u00e0 toutes personnes impliqu\u00e9es dans le processus d'enqu\u00eate s'y rattachant.<\/label><\/div><div class='ff-el-input--content'><div class='ff-el-form-check ff-el-form-check-'><label class='ff-el-form-check-label' for='checkbox_3332302d183a7daaf0e1c0ba48c13b48'><input  type=\"checkbox\" name=\"checkbox[]\" data-name=\"checkbox\" class=\"ff-el-form-check-input ff-el-form-check-checkbox\" value=\"Par la pr\u00e9sente, je consens d\u2019une fa\u00e7on libre et \u00e9clair\u00e9e, \u00e0 ce que tous les renseignements que j\u2019ai communiqu\u00e9s soient consign\u00e9s dans un dossier qui sera cr\u00e9\u00e9 \u00e0 propos de cet incident de confidentialit\u00e9 ou pour tout autre incident similaire. Je suis conscient que le dossier qui sera constitu\u00e9 sur l&#039;incident sera accessible \u00e0 toutes personnes impliqu\u00e9es dans le processus d&#039;enqu\u00eate s&#039;y rattachant.\"  id='checkbox_3332302d183a7daaf0e1c0ba48c13b48' aria-label='Par la pr\u00e9sente, je consens d\u2019une fa\u00e7on libre et \u00e9clair\u00e9e, \u00e0 ce que tous les renseignements que j\u2019ai communiqu\u00e9s soient consign\u00e9s dans un dossier qui sera cr\u00e9\u00e9 \u00e0 propos de cet incident de confidentialit\u00e9 ou pour tout autre incident similaire. Je suis conscient que le dossier qui sera constitu\u00e9 sur l&#039;incident sera accessible \u00e0 toutes personnes impliqu\u00e9es dans le processus d&#039;enqu\u00eate s&#039;y rattachant.' aria-invalid='false' aria-required=true> <span>Par la pr\u00e9sente, je consens d\u2019une fa\u00e7on libre et \u00e9clair\u00e9e, \u00e0 ce que tous les renseignements que j\u2019ai communiqu\u00e9s soient consign\u00e9s dans un dossier qui sera cr\u00e9\u00e9 \u00e0 propos de cet incident de confidentialit\u00e9 ou pour tout autre incident similaire. Je suis conscient que le dossier qui sera constitu\u00e9 sur l'incident sera accessible \u00e0 toutes personnes impliqu\u00e9es dans le processus d'enqu\u00eate s'y rattachant.<\/span><\/label><\/div><\/div><\/div><div class='ff-el-group ff-text-left ff_submit_btn_wrapper'><button type=\"submit\" class=\"ff-btn ff-btn-submit ff-btn-md ff_btn_style\"  aria-label=\"Soumettre\">Soumettre<\/button><\/div><\/fieldset><\/form><div id='fluentform_16_errors' class='ff-errors-in-stack ff_form_instance_16_1 ff-form-loading_errors ff_form_instance_16_1_errors'><\/div><\/div>            <script type=\"text\/javascript\">\n                window.fluent_form_ff_form_instance_16_1 = {\"id\":\"16\",\"settings\":{\"layout\":{\"labelPlacement\":\"top\",\"helpMessagePlacement\":\"with_label\",\"errorMessagePlacement\":\"inline\",\"cssClassName\":\"\",\"asteriskPlacement\":\"asterisk-right\"},\"restrictions\":{\"denyEmptySubmission\":{\"enabled\":false}}},\"form_instance\":\"ff_form_instance_16_1\",\"form_id_selector\":\"fluentform_16\",\"rules\":{\"names[first_name]\":{\"required\":{\"value\":true,\"message\":\"This field is required\"}},\"names[middle_name]\":{\"required\":{\"value\":false,\"message\":\"This field is required\"}},\"names[last_name]\":{\"required\":{\"value\":true,\"message\":\"This field is required\"}},\"email\":{\"required\":{\"value\":true,\"message\":\"This field is required\"},\"email\":{\"value\":true,\"message\":\"This field must contain a valid email\"}},\"datetime\":{\"required\":{\"value\":true,\"message\":\"This field is required\"}},\"checkbox_1\":{\"required\":{\"value\":true,\"message\":\"This field is required\"}},\"checkbox_2\":{\"required\":{\"value\":true,\"message\":\"This field is required\"}},\"description\":{\"required\":{\"value\":true,\"message\":\"This field is required\"}},\"description_1\":{\"required\":{\"value\":true,\"message\":\"This field is required\"}},\"checkbox\":{\"required\":{\"value\":true,\"message\":\"This field is required\"}},\"g-recaptcha-response\":[]},\"debounce_time\":300};\n                            <\/script>\n            \n<p>Pour supprimer vos informations de nos dossiers, faire une demande <a href=\"mailto:info@boomerang.click\">ici<\/a><\/p>\n\n","protected":false},"excerpt":{"rendered":"<p>Agence de marketing num\u00e9rique de premier plan Politiques de confidentialit\u00e9 Politiques de confidentialit\u00e9 To view the policy in english click here Loi sur la protection des renseignements personnels Nom du responsable : Alain Picard Titre : Pr\u00e9sident Courriel : info@boomerang.click Boomerang.click recueille et utilise les informations personnelles que vous soumettez en ligne comme d\u00e9crit ici. [&hellip;]<\/p>\n","protected":false},"author":1,"featured_media":0,"parent":0,"menu_order":0,"comment_status":"closed","ping_status":"closed","template":"","meta":{"_seopress_robots_primary_cat":"","_seopress_titles_title":"","_seopress_titles_desc":"","_seopress_robots_index":"","site-sidebar-layout":"no-sidebar","site-content-layout":"page-builder","ast-site-content-layout":"default","site-content-style":"default","site-sidebar-style":"default","ast-global-header-display":"","ast-banner-title-visibility":"","ast-main-header-display":"","ast-hfb-above-header-display":"","ast-hfb-below-header-display":"","ast-hfb-mobile-header-display":"","site-post-title":"disabled","ast-breadcrumbs-content":"disabled","ast-featured-img":"","footer-sml-layout":"disabled","ast-disable-related-posts":"","theme-transparent-header-meta":"default","adv-header-id-meta":"","stick-header-meta":"","header-above-stick-meta":"","header-main-stick-meta":"","header-below-stick-meta":"","astra-migrate-meta-layouts":"default","ast-page-background-enabled":"default","ast-page-background-meta":{"desktop":{"background-color":"var(--ast-global-color-4)","background-image":"","background-repeat":"repeat","background-position":"center center","background-size":"auto","background-attachment":"scroll","background-type":"","background-media":"","overlay-type":"","overlay-color":"","overlay-opacity":"","overlay-gradient":""},"tablet":{"background-color":"","background-image":"","background-repeat":"repeat","background-position":"center center","background-size":"auto","background-attachment":"scroll","background-type":"","background-media":"","overlay-type":"","overlay-color":"","overlay-opacity":"","overlay-gradient":""},"mobile":{"background-color":"","background-image":"","background-repeat":"repeat","background-position":"center center","background-size":"auto","background-attachment":"scroll","background-type":"","background-media":"","overlay-type":"","overlay-color":"","overlay-opacity":"","overlay-gradient":""}},"ast-content-background-meta":{"desktop":{"background-color":"var(--ast-global-color-5)","background-image":"","background-repeat":"repeat","background-position":"center center","background-size":"auto","background-attachment":"scroll","background-type":"","background-media":"","overlay-type":"","overlay-color":"","overlay-opacity":"","overlay-gradient":""},"tablet":{"background-color":"var(--ast-global-color-5)","background-image":"","background-repeat":"repeat","background-position":"center center","background-size":"auto","background-attachment":"scroll","background-type":"","background-media":"","overlay-type":"","overlay-color":"","overlay-opacity":"","overlay-gradient":""},"mobile":{"background-color":"var(--ast-global-color-5)","background-image":"","background-repeat":"repeat","background-position":"center center","background-size":"auto","background-attachment":"scroll","background-type":"","background-media":"","overlay-type":"","overlay-color":"","overlay-opacity":"","overlay-gradient":""}},"footnotes":""},"class_list":["post-1471","page","type-page","status-publish","hentry"],"_links":{"self":[{"href":"https:\/\/boomerang.click\/fr\/wp-json\/wp\/v2\/pages\/1471","targetHints":{"allow":["GET"]}}],"collection":[{"href":"https:\/\/boomerang.click\/fr\/wp-json\/wp\/v2\/pages"}],"about":[{"href":"https:\/\/boomerang.click\/fr\/wp-json\/wp\/v2\/types\/page"}],"author":[{"embeddable":true,"href":"https:\/\/boomerang.click\/fr\/wp-json\/wp\/v2\/users\/1"}],"replies":[{"embeddable":true,"href":"https:\/\/boomerang.click\/fr\/wp-json\/wp\/v2\/comments?post=1471"}],"version-history":[{"count":6,"href":"https:\/\/boomerang.click\/fr\/wp-json\/wp\/v2\/pages\/1471\/revisions"}],"predecessor-version":[{"id":2161,"href":"https:\/\/boomerang.click\/fr\/wp-json\/wp\/v2\/pages\/1471\/revisions\/2161"}],"wp:attachment":[{"href":"https:\/\/boomerang.click\/fr\/wp-json\/wp\/v2\/media?parent=1471"}],"curies":[{"name":"wp","href":"https:\/\/api.w.org\/{rel}","templated":true}]}}