{"id":1813,"date":"2023-03-18T07:59:29","date_gmt":"2023-03-18T07:59:29","guid":{"rendered":"https:\/\/boomerang.click\/conseils\/"},"modified":"2023-04-24T16:57:31","modified_gmt":"2023-04-24T16:57:31","slug":"conseils","status":"publish","type":"page","link":"https:\/\/boomerang.click\/fr\/conseils\/","title":{"rendered":"Conseils"},"content":{"rendered":"\n<h2>\n\t\tConseils sur le marketing num\u00e9rique\n\t<\/h2>\n\t\t\t\t\t\t\t\t\t\t\t\t\t\t<a href=\"https:\/\/boomerang.click\/fr\/meilleures-pratiques-en-matiere-de-publicite-pour-les-preteurs-hypothecaires\/\" target=\"_self\" title=\"Meilleures pratiques en mati\u00e8re de publicit\u00e9 pour les pr\u00eateurs hypoth\u00e9caires\" rel=\"noopener\">\n\t\t\t\t<img decoding=\"async\" src=\"https:\/\/boomerang.click\/wp-content\/uploads\/2023\/04\/tierra-mallorca-rgJ1J8SDEAY-unsplash.jpg\" alt=\"\" \/>\n\t\t\t\t<\/a>\n\t\t\t\t\t\t<h3>\n\t\t\t\t<a href=https:\/\/boomerang.click\/fr\/meilleures-pratiques-en-matiere-de-publicite-pour-les-preteurs-hypothecaires\/ title=\"Meilleures pratiques en mati\u00e8re de publicit\u00e9 pour les pr\u00eateurs hypoth\u00e9caires\" tabindex=\"0\">Meilleures pratiques en mati\u00e8re de publicit\u00e9 pour les pr\u00eateurs hypoth\u00e9caires<\/a>\t\t\t<\/h3>\n<h2>\n\t\tConseils r\u00e9cents\n\t<\/h2>\n\t\t\t\t\t\t\t\t\t\t\t\t\t\t<a href=\"https:\/\/boomerang.click\/fr\/amazon-attribution-pour-la-publicite-hors-amazon\/\" target=\"_self\" title=\"Attribution d&rsquo;Amazon pour la publicit\u00e9 hors Amazon\" rel=\"noopener\">\n\t\t\t\t<img decoding=\"async\" src=\"https:\/\/boomerang.click\/wp-content\/uploads\/bb-plugin\/cache\/amezon-custom_crop.jpg\" alt=\"\" \/>\n\t\t\t\t<\/a>\n\t\t\t\t\t\t<h3>\n\t\t\t\t<a href=https:\/\/boomerang.click\/fr\/amazon-attribution-pour-la-publicite-hors-amazon\/ title=\"Attribution d&rsquo;Amazon pour la publicit\u00e9 hors Amazon\" tabindex=\"0\">Attribution d&rsquo;Amazon pour la publicit\u00e9 hors Amazon<\/a>\t\t\t<\/h3>\n\t\t\t\t\t\t\t\t\t\t\t\t\t\t<a href=\"https:\/\/boomerang.click\/fr\/pourquoi-vous-devriez-arreter-dutiliser-lattribution-au-dernier-clic\/\" target=\"_self\" title=\"Pourquoi vous devriez arr\u00eater d&rsquo;utiliser l&rsquo;attribution au dernier clic\" rel=\"noopener\">\n\t\t\t\t<img decoding=\"async\" src=\"https:\/\/boomerang.click\/wp-content\/uploads\/bb-plugin\/cache\/pexels-vojtech-okenka-392018-custom_crop.jpg\" alt=\"\" \/>\n\t\t\t\t<\/a>\n\t\t\t\t\t\t<h3>\n\t\t\t\t<a href=https:\/\/boomerang.click\/fr\/pourquoi-vous-devriez-arreter-dutiliser-lattribution-au-dernier-clic\/ title=\"Pourquoi vous devriez arr\u00eater d&rsquo;utiliser l&rsquo;attribution au dernier clic\" tabindex=\"0\">Pourquoi vous devriez arr\u00eater d&rsquo;utiliser l&rsquo;attribution au dernier clic<\/a>\t\t\t<\/h3>\n\t\t\t\t\t\t\t\t\t\t\t\t\t\t<a href=\"https:\/\/boomerang.click\/fr\/comprendre-les-meilleures-pratiques-performance-max\/\" target=\"_self\" title=\"Comprendre les meilleures pratiques Performance Max\" rel=\"noopener\">\n\t\t\t\t<img decoding=\"async\" src=\"https:\/\/boomerang.click\/wp-content\/uploads\/bb-plugin\/cache\/rupixen-com-Q59HmzK38eQ-unsplash-custom_crop.jpg\" alt=\"\" \/>\n\t\t\t\t<\/a>\n\t\t\t\t\t\t<h3>\n\t\t\t\t<a href=https:\/\/boomerang.click\/fr\/comprendre-les-meilleures-pratiques-performance-max\/ title=\"Comprendre les meilleures pratiques Performance Max\" tabindex=\"0\">Comprendre les meilleures pratiques Performance Max<\/a>\t\t\t<\/h3>\n\t\t<h2>\n\t\t\tCat\u00e9gories\n\t\t<\/h2>\n<ul><li data-filter=\"*\">Tous les articles<\/li><li data-filter=\".uabb-masonary-cat-39\" tabindex=\"0\">Conception et d\u00e9veloppement web<\/li><li data-filter=\".uabb-masonary-cat-42\" tabindex=\"0\">Courriel et SMS<\/li><li data-filter=\".uabb-masonary-cat-41\" tabindex=\"0\">Le marketing num\u00e9rique<\/li><li data-filter=\".uabb-masonary-cat-40\" tabindex=\"0\">PPC<\/li><li data-filter=\".uabb-masonary-cat-43\" tabindex=\"0\">R\u00e9f\u00e9rencement<\/li><\/ul>\n\t\t\t\t\t\t\t\t\t\t\t\t\t\t<a href=\"https:\/\/boomerang.click\/fr\/meilleures-pratiques-en-matiere-de-publicite-pour-les-preteurs-hypothecaires\/\" target=\"_self\" title=\"Meilleures pratiques en mati\u00e8re de publicit\u00e9 pour les pr\u00eateurs hypoth\u00e9caires\" rel=\"noopener\">\n\t\t\t\t<img decoding=\"async\" src=\"https:\/\/boomerang.click\/wp-content\/uploads\/bb-plugin\/cache\/tierra-mallorca-rgJ1J8SDEAY-unsplash-custom_crop.jpg\" alt=\"\" \/>\n\t\t\t\t<\/a>\n\t\t\t\t\t\t<h3>\n\t\t\t\t<a href=https:\/\/boomerang.click\/fr\/meilleures-pratiques-en-matiere-de-publicite-pour-les-preteurs-hypothecaires\/ title=\"Meilleures pratiques en mati\u00e8re de publicit\u00e9 pour les pr\u00eateurs hypoth\u00e9caires\" tabindex=\"0\">Meilleures pratiques en mati\u00e8re de publicit\u00e9 pour les pr\u00eateurs hypoth\u00e9caires<\/a>\t\t\t<\/h3>\n\t\t\t\t\t\t\t\t\t\t\t\t\t\t<a href=\"https:\/\/boomerang.click\/fr\/amazon-attribution-pour-la-publicite-hors-amazon\/\" target=\"_self\" title=\"Attribution d&rsquo;Amazon pour la publicit\u00e9 hors Amazon\" rel=\"noopener\">\n\t\t\t\t<img decoding=\"async\" src=\"https:\/\/boomerang.click\/wp-content\/uploads\/bb-plugin\/cache\/amezon-custom_crop.jpg\" alt=\"\" \/>\n\t\t\t\t<\/a>\n\t\t\t\t\t\t<h3>\n\t\t\t\t<a href=https:\/\/boomerang.click\/fr\/amazon-attribution-pour-la-publicite-hors-amazon\/ title=\"Attribution d&rsquo;Amazon pour la publicit\u00e9 hors Amazon\" tabindex=\"0\">Attribution d&rsquo;Amazon pour la publicit\u00e9 hors Amazon<\/a>\t\t\t<\/h3>\n\t\t\t\t\t\t\t\t\t\t\t\t\t\t<a href=\"https:\/\/boomerang.click\/fr\/pourquoi-vous-devriez-arreter-dutiliser-lattribution-au-dernier-clic\/\" target=\"_self\" title=\"Pourquoi vous devriez arr\u00eater d&rsquo;utiliser l&rsquo;attribution au dernier clic\" rel=\"noopener\">\n\t\t\t\t<img decoding=\"async\" src=\"https:\/\/boomerang.click\/wp-content\/uploads\/bb-plugin\/cache\/pexels-vojtech-okenka-392018-custom_crop.jpg\" alt=\"\" \/>\n\t\t\t\t<\/a>\n\t\t\t\t\t\t<h3>\n\t\t\t\t<a href=https:\/\/boomerang.click\/fr\/pourquoi-vous-devriez-arreter-dutiliser-lattribution-au-dernier-clic\/ title=\"Pourquoi vous devriez arr\u00eater d&rsquo;utiliser l&rsquo;attribution au dernier clic\" tabindex=\"0\">Pourquoi vous devriez arr\u00eater d&rsquo;utiliser l&rsquo;attribution au dernier clic<\/a>\t\t\t<\/h3>\n\t\t\t\t\t\t\t\t\t\t\t\t\t\t<a href=\"https:\/\/boomerang.click\/fr\/comprendre-les-meilleures-pratiques-performance-max\/\" target=\"_self\" title=\"Comprendre les meilleures pratiques Performance Max\" rel=\"noopener\">\n\t\t\t\t<img decoding=\"async\" src=\"https:\/\/boomerang.click\/wp-content\/uploads\/bb-plugin\/cache\/rupixen-com-Q59HmzK38eQ-unsplash-custom_crop.jpg\" alt=\"\" \/>\n\t\t\t\t<\/a>\n\t\t\t\t\t\t<h3>\n\t\t\t\t<a href=https:\/\/boomerang.click\/fr\/comprendre-les-meilleures-pratiques-performance-max\/ title=\"Comprendre les meilleures pratiques Performance Max\" tabindex=\"0\">Comprendre les meilleures pratiques Performance Max<\/a>\t\t\t<\/h3>\n\t\t\t\t\t\t\t\t\t\t\t\t\t\t<a href=\"https:\/\/boomerang.click\/fr\/un-guide-pour-elaborer-une-strategie-facebook-efficace-pour-les-entreprises\/\" target=\"_self\" title=\"Un guide pour \u00e9laborer une strat\u00e9gie Facebook efficace pour les entreprises.\" rel=\"noopener\">\n\t\t\t\t<img decoding=\"async\" src=\"https:\/\/boomerang.click\/wp-content\/uploads\/bb-plugin\/cache\/pexels-pixabay-267399-custom_crop.jpg\" alt=\"\" \/>\n\t\t\t\t<\/a>\n\t\t\t\t\t\t<h3>\n\t\t\t\t<a href=https:\/\/boomerang.click\/fr\/un-guide-pour-elaborer-une-strategie-facebook-efficace-pour-les-entreprises\/ title=\"Un guide pour \u00e9laborer une strat\u00e9gie Facebook efficace pour les entreprises.\" tabindex=\"0\">Un guide pour \u00e9laborer une strat\u00e9gie Facebook efficace pour les entreprises.<\/a>\t\t\t<\/h3>\n\t\t\t\t\t\t\t\t\t\t\t\t\t\t<a href=\"https:\/\/boomerang.click\/fr\/etapes-pour-partager-lacces-a-votre-compte-google-ads\/\" target=\"_self\" title=\"\u00c9tapes pour partager l&rsquo;acc\u00e8s \u00e0 votre compte Google Ads\" rel=\"noopener\">\n\t\t\t\t<img decoding=\"async\" src=\"https:\/\/boomerang.click\/wp-content\/uploads\/bb-plugin\/cache\/brett-jordan-B_j4LJbam5U-unsplash-custom_crop.jpg\" alt=\"\" \/>\n\t\t\t\t<\/a>\n\t\t\t\t\t\t<h3>\n\t\t\t\t<a href=https:\/\/boomerang.click\/fr\/etapes-pour-partager-lacces-a-votre-compte-google-ads\/ title=\"\u00c9tapes pour partager l&rsquo;acc\u00e8s \u00e0 votre compte Google Ads\" tabindex=\"0\">\u00c9tapes pour partager l&rsquo;acc\u00e8s \u00e0 votre compte Google Ads<\/a>\t\t\t<\/h3>\n\t\t\t\t\t\t\t\t\t\t\t\t\t\t<a href=\"https:\/\/boomerang.click\/fr\/instagram-marketing-tips-to-help-grow-your-business\/\" target=\"_self\" title=\"Conseils de marketing Instagram pour vous aider \u00e0 d\u00e9velopper votre entreprise\" rel=\"noopener\">\n\t\t\t\t<img decoding=\"async\" src=\"https:\/\/boomerang.click\/wp-content\/uploads\/bb-plugin\/cache\/pexels-pixabay-248533-custom_crop.jpg\" alt=\"\" \/>\n\t\t\t\t<\/a>\n\t\t\t\t\t\t<h3>\n\t\t\t\t<a href=https:\/\/boomerang.click\/fr\/instagram-marketing-tips-to-help-grow-your-business\/ title=\"Conseils de marketing Instagram pour vous aider \u00e0 d\u00e9velopper votre entreprise\" tabindex=\"0\">Conseils de marketing Instagram pour vous aider \u00e0 d\u00e9velopper votre entreprise<\/a>\t\t\t<\/h3>\n\t\t\t\t\t\t\t\t\t\t\t\t\t\t<a href=\"https:\/\/boomerang.click\/fr\/5-cles-pour-creer-un-e-mail-a-taux-de-conversion-eleve-generez-37-de-revenus-supplementaires-avec-vos-campagnes-et-vos-flux-grace-a-ces-conseils\/\" target=\"_self\" title=\"5 cl\u00e9s pour cr\u00e9er un e-mail \u00e0 taux de conversion \u00e9lev\u00e9\u00a0: g\u00e9n\u00e9rez 37\u00a0% de revenus suppl\u00e9mentaires avec vos campagnes et vos flux gr\u00e2ce \u00e0 ces conseils\" rel=\"noopener\">\n\t\t\t\t<img decoding=\"async\" src=\"https:\/\/boomerang.click\/wp-content\/uploads\/bb-plugin\/cache\/sales-messaging-marketing-custom_crop.jpg\" alt=\"\" \/>\n\t\t\t\t<\/a>\n\t\t\t\t\t\t<h3>\n\t\t\t\t<a href=https:\/\/boomerang.click\/fr\/5-cles-pour-creer-un-e-mail-a-taux-de-conversion-eleve-generez-37-de-revenus-supplementaires-avec-vos-campagnes-et-vos-flux-grace-a-ces-conseils\/ title=\"5 cl\u00e9s pour cr\u00e9er un e-mail \u00e0 taux de conversion \u00e9lev\u00e9\u00a0: g\u00e9n\u00e9rez 37\u00a0% de revenus suppl\u00e9mentaires avec vos campagnes et vos flux gr\u00e2ce \u00e0 ces conseils\" tabindex=\"0\">5 cl\u00e9s pour cr\u00e9er un e-mail \u00e0 taux de conversion \u00e9lev\u00e9\u00a0: g\u00e9n\u00e9rez 37\u00a0% de revenus suppl\u00e9mentaires avec vos campagnes et vos flux gr\u00e2ce \u00e0 ces conseils<\/a>\t\t\t<\/h3>\n\t\t\t\t\t\t\t\t\t\t\t\t\t\t<a href=\"https:\/\/boomerang.click\/fr\/construire-une-strategie-de-contenu-pour-instagram\/\" target=\"_self\" title=\"Construire une strat\u00e9gie de contenu pour Instagram\" rel=\"noopener\">\n\t\t\t\t<img decoding=\"async\" src=\"https:\/\/boomerang.click\/wp-content\/uploads\/bb-plugin\/cache\/dlxmedia-hu-V8nBQ1AulR0-unsplash-custom_crop.jpg\" alt=\"\" \/>\n\t\t\t\t<\/a>\n\t\t\t\t\t\t<h3>\n\t\t\t\t<a href=https:\/\/boomerang.click\/fr\/construire-une-strategie-de-contenu-pour-instagram\/ title=\"Construire une strat\u00e9gie de contenu pour Instagram\" tabindex=\"0\">Construire une strat\u00e9gie de contenu pour Instagram<\/a>\t\t\t<\/h3>\n\t\t\t\t\t\t\t\t\t\t\t\t\t\t<a href=\"https:\/\/boomerang.click\/fr\/comment-utiliser-efficacement-les-emoticones-dans-les-lignes-dobjet-des-e-mails\/\" target=\"_self\" title=\"Comment utiliser efficacement les \u00e9motic\u00f4nes dans les lignes d&rsquo;objet des e-mails\" rel=\"noopener\">\n\t\t\t\t<img decoding=\"async\" src=\"https:\/\/boomerang.click\/wp-content\/uploads\/bb-plugin\/cache\/count-chris-rIfMYA_2TcU-unsplash-custom_crop.jpg\" alt=\"\" \/>\n\t\t\t\t<\/a>\n\t\t\t\t\t\t<h3>\n\t\t\t\t<a href=https:\/\/boomerang.click\/fr\/comment-utiliser-efficacement-les-emoticones-dans-les-lignes-dobjet-des-e-mails\/ title=\"Comment utiliser efficacement les \u00e9motic\u00f4nes dans les lignes d&rsquo;objet des e-mails\" tabindex=\"0\">Comment utiliser efficacement les \u00e9motic\u00f4nes dans les lignes d&rsquo;objet des e-mails<\/a>\t\t\t<\/h3>\n\t\t\t\t\t\t\t\t\t\t\t\t\t\t<a href=\"https:\/\/boomerang.click\/fr\/un-guide-du-marketing-b2b-sur-les-reseaux-sociaux\/\" target=\"_self\" title=\"Un guide du marketing B2B sur les r\u00e9seaux sociaux\" rel=\"noopener\">\n\t\t\t\t<img decoding=\"async\" src=\"https:\/\/boomerang.click\/wp-content\/uploads\/bb-plugin\/cache\/marketing-custom_crop.jpg\" alt=\"\" \/>\n\t\t\t\t<\/a>\n\t\t\t\t\t\t<h3>\n\t\t\t\t<a href=https:\/\/boomerang.click\/fr\/un-guide-du-marketing-b2b-sur-les-reseaux-sociaux\/ title=\"Un guide du marketing B2B sur les r\u00e9seaux sociaux\" tabindex=\"0\">Un guide du marketing B2B sur les r\u00e9seaux sociaux<\/a>\t\t\t<\/h3>\n\t\t\t\t\t\t\t\t\t\t\t\t\t\t<a href=\"https:\/\/boomerang.click\/fr\/ce-que-vous-devez-savoir-sur-le-contenu-de-marque-facebook\/\" target=\"_self\" title=\"Ce que vous devez savoir sur le contenu de marque Facebook\" rel=\"noopener\">\n\t\t\t\t<img decoding=\"async\" src=\"https:\/\/boomerang.click\/wp-content\/uploads\/bb-plugin\/cache\/pexels-tobias-dziub-custom_crop.jpg\" alt=\"\" \/>\n\t\t\t\t<\/a>\n\t\t\t\t\t\t<h3>\n\t\t\t\t<a href=https:\/\/boomerang.click\/fr\/ce-que-vous-devez-savoir-sur-le-contenu-de-marque-facebook\/ title=\"Ce que vous devez savoir sur le contenu de marque Facebook\" tabindex=\"0\">Ce que vous devez savoir sur le contenu de marque Facebook<\/a>\t\t\t<\/h3>\n\t\t\t\t\t\t\t\t\t\t\t\t\t\t<a href=\"https:\/\/boomerang.click\/fr\/ce-que-les-meilleurs-depensiers-adwords-ont-en-commun\/\" target=\"_self\" title=\"Ce que les meilleurs d\u00e9pensiers AdWords ont en commun\" rel=\"noopener\">\n\t\t\t\t<img decoding=\"async\" src=\"https:\/\/boomerang.click\/wp-content\/uploads\/bb-plugin\/cache\/pexels-fauxels-3184419-custom_crop.jpg\" alt=\"\" \/>\n\t\t\t\t<\/a>\n\t\t\t\t\t\t<h3>\n\t\t\t\t<a href=https:\/\/boomerang.click\/fr\/ce-que-les-meilleurs-depensiers-adwords-ont-en-commun\/ title=\"Ce que les meilleurs d\u00e9pensiers AdWords ont en commun\" tabindex=\"0\">Ce que les meilleurs d\u00e9pensiers AdWords ont en commun<\/a>\t\t\t<\/h3>\n\t\t\t\t\t\t\t\t\t\t\t\t\t\t<a href=\"https:\/\/boomerang.click\/fr\/les-couts-caches-de-ne-pas-avoir-de-plan-de-maintenance-de-site-web\/\" target=\"_self\" title=\"Les co\u00fbts cach\u00e9s de ne pas avoir de plan de maintenance de site Web\" rel=\"noopener\">\n\t\t\t\t<img decoding=\"async\" src=\"https:\/\/boomerang.click\/wp-content\/uploads\/bb-plugin\/cache\/Law-Website-Under-Maintenance-svg-custom_crop.jpg\" alt=\"\" \/>\n\t\t\t\t<\/a>\n\t\t\t\t\t\t<h3>\n\t\t\t\t<a href=https:\/\/boomerang.click\/fr\/les-couts-caches-de-ne-pas-avoir-de-plan-de-maintenance-de-site-web\/ title=\"Les co\u00fbts cach\u00e9s de ne pas avoir de plan de maintenance de site Web\" tabindex=\"0\">Les co\u00fbts cach\u00e9s de ne pas avoir de plan de maintenance de site Web<\/a>\t\t\t<\/h3>\n\t\t\t\t\t\t\t\t\t\t\t\t\t\t<a href=\"https:\/\/boomerang.click\/fr\/est-il-temps-dembaucher-une-entreprise-de-marketing-en-ligne\/\" target=\"_self\" title=\"Est-il temps d&#8217;embaucher une entreprise de marketing en ligne ?\" rel=\"noopener\">\n\t\t\t\t<img decoding=\"async\" src=\"https:\/\/boomerang.click\/wp-content\/uploads\/bb-plugin\/cache\/Digital-Marketing-custom_crop.jpg\" alt=\"\" \/>\n\t\t\t\t<\/a>\n\t\t\t\t\t\t<h3>\n\t\t\t\t<a href=https:\/\/boomerang.click\/fr\/est-il-temps-dembaucher-une-entreprise-de-marketing-en-ligne\/ title=\"Est-il temps d&#8217;embaucher une entreprise de marketing en ligne ?\" tabindex=\"0\">Est-il temps d&#8217;embaucher une entreprise de marketing en ligne ?<\/a>\t\t\t<\/h3>\n\n","protected":false},"excerpt":{"rendered":"<p>Conseils sur le marketing num\u00e9rique Meilleures pratiques en mati\u00e8re de publicit\u00e9 pour les pr\u00eateurs hypoth\u00e9caires Conseils r\u00e9cents Attribution d&rsquo;Amazon pour la publicit\u00e9 hors Amazon Pourquoi vous devriez arr\u00eater d&rsquo;utiliser l&rsquo;attribution au dernier clic Comprendre les meilleures pratiques Performance Max Cat\u00e9gories Tous les articles Conception et d\u00e9veloppement web Courriel et SMS Le marketing num\u00e9rique PPC R\u00e9f\u00e9rencement [&hellip;]<\/p>\n","protected":false},"author":2,"featured_media":0,"parent":0,"menu_order":0,"comment_status":"closed","ping_status":"closed","template":"","meta":{"_seopress_robots_primary_cat":"","_seopress_titles_title":"","_seopress_titles_desc":"","_seopress_robots_index":"","site-sidebar-layout":"no-sidebar","site-content-layout":"page-builder","ast-site-content-layout":"default","site-content-style":"default","site-sidebar-style":"default","ast-global-header-display":"","ast-banner-title-visibility":"","ast-main-header-display":"","ast-hfb-above-header-display":"","ast-hfb-below-header-display":"","ast-hfb-mobile-header-display":"","site-post-title":"disabled","ast-breadcrumbs-content":"disabled","ast-featured-img":"disabled","footer-sml-layout":"disabled","ast-disable-related-posts":"","theme-transparent-header-meta":"default","adv-header-id-meta":"","stick-header-meta":"","header-above-stick-meta":"","header-main-stick-meta":"","header-below-stick-meta":"","astra-migrate-meta-layouts":"default","ast-page-background-enabled":"default","ast-page-background-meta":{"desktop":{"background-color":"var(--ast-global-color-4)","background-image":"","background-repeat":"repeat","background-position":"center center","background-size":"auto","background-attachment":"scroll","background-type":"","background-media":"","overlay-type":"","overlay-color":"","overlay-opacity":"","overlay-gradient":""},"tablet":{"background-color":"","background-image":"","background-repeat":"repeat","background-position":"center center","background-size":"auto","background-attachment":"scroll","background-type":"","background-media":"","overlay-type":"","overlay-color":"","overlay-opacity":"","overlay-gradient":""},"mobile":{"background-color":"","background-image":"","background-repeat":"repeat","background-position":"center center","background-size":"auto","background-attachment":"scroll","background-type":"","background-media":"","overlay-type":"","overlay-color":"","overlay-opacity":"","overlay-gradient":""}},"ast-content-background-meta":{"desktop":{"background-color":"var(--ast-global-color-5)","background-image":"","background-repeat":"repeat","background-position":"center center","background-size":"auto","background-attachment":"scroll","background-type":"","background-media":"","overlay-type":"","overlay-color":"","overlay-opacity":"","overlay-gradient":""},"tablet":{"background-color":"var(--ast-global-color-5)","background-image":"","background-repeat":"repeat","background-position":"center center","background-size":"auto","background-attachment":"scroll","background-type":"","background-media":"","overlay-type":"","overlay-color":"","overlay-opacity":"","overlay-gradient":""},"mobile":{"background-color":"var(--ast-global-color-5)","background-image":"","background-repeat":"repeat","background-position":"center center","background-size":"auto","background-attachment":"scroll","background-type":"","background-media":"","overlay-type":"","overlay-color":"","overlay-opacity":"","overlay-gradient":""}},"footnotes":""},"class_list":["post-1813","page","type-page","status-publish","hentry"],"_links":{"self":[{"href":"https:\/\/boomerang.click\/fr\/wp-json\/wp\/v2\/pages\/1813","targetHints":{"allow":["GET"]}}],"collection":[{"href":"https:\/\/boomerang.click\/fr\/wp-json\/wp\/v2\/pages"}],"about":[{"href":"https:\/\/boomerang.click\/fr\/wp-json\/wp\/v2\/types\/page"}],"author":[{"embeddable":true,"href":"https:\/\/boomerang.click\/fr\/wp-json\/wp\/v2\/users\/2"}],"replies":[{"embeddable":true,"href":"https:\/\/boomerang.click\/fr\/wp-json\/wp\/v2\/comments?post=1813"}],"version-history":[{"count":7,"href":"https:\/\/boomerang.click\/fr\/wp-json\/wp\/v2\/pages\/1813\/revisions"}],"predecessor-version":[{"id":1828,"href":"https:\/\/boomerang.click\/fr\/wp-json\/wp\/v2\/pages\/1813\/revisions\/1828"}],"wp:attachment":[{"href":"https:\/\/boomerang.click\/fr\/wp-json\/wp\/v2\/media?parent=1813"}],"curies":[{"name":"wp","href":"https:\/\/api.w.org\/{rel}","templated":true}]}}