{"id":1867,"date":"2023-06-14T16:15:24","date_gmt":"2023-06-14T16:15:24","guid":{"rendered":"https:\/\/boomerang.click\/cdap\/"},"modified":"2023-06-14T18:46:48","modified_gmt":"2023-06-14T18:46:48","slug":"cdap","status":"publish","type":"page","link":"https:\/\/boomerang.click\/fr\/cdap\/","title":{"rendered":"CDAP"},"content":{"rendered":"\n\n\t<p>GOUVERNEMENT DU CANADA<\/p>\n<h2>\n\t\tProgramme canadien d&rsquo;adoption num\u00e9rique\n\t<\/h2>\n\t<p>La subvention Boost Your Business Technology offre aux entreprises canadiennes \u00e0 but lucratif une subvention salariale de 7 300 $ ainsi que 15 000 $ pour les conseils d&rsquo;un conseiller num\u00e9rique et jusqu&rsquo;\u00e0 100 000 $ en pr\u00eats sans int\u00e9r\u00eat pour la mise en \u0153uvre de la technologie.<\/p>\n\t\t\t<a href=\"\" target=\"_self\" rel=\"noopener\">\n\t\t\t\t\t\t\tCommencer\n\t\t\t<\/a>\n\t<p>NOUS RENDONS CELA FACILE<\/p>\n<h2>\n\t\tComment commencer\n\t<\/h2>\n\t\t\t\t<img loading=\"lazy\" decoding=\"async\" src=\"https:\/\/boomerang.click\/wp-content\/uploads\/2023\/04\/cropped-boomerang.png\" alt=\"https:\/\/boomerang.click\/wp-content\/uploads\/2023\/04\/cropped-boomerang.png\" itemprop=\"image\" height=\"512\" width=\"512\" title=\"cropped-boomerang.png\" onerror=\"this.style.display='none'\"  \/>\n\t<p>LA PREMI\u00c8RE \u00c9TAPE<\/p>\n<h2>\n\t\tCliquez sur Appliquer maintenant\n\t<\/h2>\n\t<p>Pour \u00eatre admissible, un propri\u00e9taire ou un directeur doit avoir une entreprise \u00e0 but lucratif d\u00e9tenue par des Canadiens et comptant de 1 \u00e0 499 employ\u00e9s et au moins 500 000 $ de revenus BRUT au cours de l&rsquo;une des trois derni\u00e8res ann\u00e9es.<\/p>\n\t\t\t<a href=\"\" target=\"_self\" rel=\"noopener\">\n\t\t\t\t\t\t\tCommencer\n\t\t\t<\/a>\n\t\t\t\t<img loading=\"lazy\" decoding=\"async\" src=\"https:\/\/boomerang.click\/wp-content\/uploads\/2023\/06\/laptop1.png\" alt=\"laptop1\" itemprop=\"image\" height=\"305\" width=\"496\" title=\"laptop1\" onerror=\"this.style.display='none'\"  \/>\n\t\t\t\t<img loading=\"lazy\" decoding=\"async\" src=\"https:\/\/boomerang.click\/wp-content\/uploads\/2023\/06\/laptop1.png\" alt=\"laptop1\" itemprop=\"image\" height=\"305\" width=\"496\" title=\"laptop1\" onerror=\"this.style.display='none'\"  \/>\n\t<p>DEUXI\u00c8ME \u00c9TAPE<\/p>\n<h2>\n\t\tConnectez-vous ou cr\u00e9ez un compte\n\t<\/h2>\n\t<p>Les candidats doivent utiliser une cl\u00e9 GC ou un partenaire de connexion de confiance pour se connecter au CDAP\u00a0; La connexion \u00e0 l&rsquo;ARC ne s&rsquo;applique pas. Pour acc\u00e9l\u00e9rer les demandes, utilisez la validation automatis\u00e9e de l&rsquo;identit\u00e9 en cliquant sur le bouton du service de connexion Interac\u00ae.<\/p>\n\t<p>TROISI\u00c8ME \u00c9TAPE<\/p>\n<h2>\n\t\tTerminer l&rsquo;\u00e9valuation des besoins num\u00e9riques\n\t<\/h2>\n\t<p>L&rsquo;ADN \u00e9value les forces et les faiblesses des entreprises dans des domaines tels que la strat\u00e9gie, le mod\u00e8le commercial, les produits, les services, l&rsquo;exp\u00e9rience client, les op\u00e9rations, la technologie, l&rsquo;organisation et la cybers\u00e9curit\u00e9. Cet ADN d\u00e9termine le niveau global actuel de maturit\u00e9 num\u00e9rique per\u00e7u par les entreprises.<\/p>\n\t\t\t\t<img loading=\"lazy\" decoding=\"async\" src=\"https:\/\/boomerang.click\/wp-content\/uploads\/2023\/06\/laptop1.png\" alt=\"laptop1\" itemprop=\"image\" height=\"305\" width=\"496\" title=\"laptop1\" onerror=\"this.style.display='none'\"  \/>\n\t\t\t\t<img loading=\"lazy\" decoding=\"async\" src=\"https:\/\/boomerang.click\/wp-content\/uploads\/2023\/06\/laptop1.png\" alt=\"laptop1\" itemprop=\"image\" height=\"305\" width=\"496\" title=\"laptop1\" onerror=\"this.style.display='none'\"  \/>\n\t<p>\u00c9TAPE QUATRE<\/p>\n<h2>\n\t\tT\u00e9l\u00e9charger le rapport ADN\n\t<\/h2>\n\t<p>Une fois que vous aurez termin\u00e9 l&rsquo;\u00e9valuation des besoins num\u00e9riques, vous pourrez t\u00e9l\u00e9charger le rapport qui sera enregistr\u00e9 au format PDF.<\/p>\n\t<p>\u00c9TAPE CINQ<\/p>\n<h2>\n\t\tEnvoyez-moi le rapport ADN par e-mail\n\t<\/h2>\n\t<p>Nous utilisons le rapport ADN (ce sera un PDF) pour aider \u00e0 d\u00e9terminer quel conseiller num\u00e9rique r\u00e9pondra le mieux aux besoins de votre entreprise.<\/p>\n\t\t\t\t<img loading=\"lazy\" decoding=\"async\" src=\"https:\/\/boomerang.click\/wp-content\/uploads\/2023\/06\/laptop1.png\" alt=\"laptop1\" itemprop=\"image\" height=\"305\" width=\"496\" title=\"laptop1\" onerror=\"this.style.display='none'\"  \/>\n\t\t\t<a href=\"\" target=\"_self\" rel=\"noopener\">\n\t\t\t\t\t\t\tCommencer\n\t\t\t<\/a>\n<h2>\n\t\tOur clients love working with us\n\t<\/h2>\n\t\t\t\t\t\t\t<img decoding=\"async\" src=\"https:\/\/boomerang.click\/wp-content\/uploads\/2023\/04\/courch-circle.jpg\" alt=\"courch-circle\" \/>\n\t\t\t\t\t\t\t\t\t\t\t\t\t<p>The Boomerang team can easily integrate new technologies like crms and business intelligence reporting in any company. They helped us create an amazing system that helps purchasers save money while helping them become extremely more efficient in centralizing their rfps. They would be an excellent asset and addition to any company.<\/p>\n\t\t\t\t\t\t\t\t\t\t\t\t\t\t\t\t\t<h4>Mathieu Courchesne<\/h4>\n\t\t\t\t\t\t\t\t\t\t\t\t\t\t\t\t\t\t\t\t\t\t\t\t\t<h4>Synerforce<\/h4>\n\t\t\t\t\t\t\t<img decoding=\"async\" src=\"https:\/\/boomerang.click\/wp-content\/uploads\/2023\/04\/joe.jpg\" alt=\"joe\" \/>\n\t\t\t\t\t\t\t\t\t\t\t\t\t<p>With the help of Boomerang&rsquo;s marketing expertise, our company has grown 20% year over year over the last 3 years. Bottom line is that we usually get a 10x-20x return on investment with our ad spend online, depending on the season. That being said, we&rsquo;re extremely satisfied with their services and wouldn&rsquo;t look anywhere else, we&rsquo;d be crazy to.<\/p>\n\t\t\t\t\t\t\t\t\t\t\t\t\t\t\t\t\t<h4>Jonathan Lavoie<\/h4>\n\t\t\t\t\t\t\t\t\t\t\t\t\t\t\t\t\t\t\t\t\t\t\t\t\t<h4>SLTC inc.<\/h4>\n\t\t\t\t\t\t\t<img decoding=\"async\" src=\"https:\/\/boomerang.click\/wp-content\/uploads\/2023\/04\/phil.png\" alt=\"phil\" \/>\n\t\t\t\t\t\t\t\t\t\t\t\t\t<p>The team at Boomerang led by Alain helped us create a website that really matches what we were looking for in terms of style, messaging and identity. They surpassed our expectations with the results and their positive attitude and communication was on point from start to finish. We are now taking the next steps with them to integrate a full-on marketing strategy. I recommend the team to anyone who hesitates.<\/p>\n\t\t\t\t\t\t\t\t\t\t\t\t\t\t\t\t\t<h4>Phillipe Bouchard<\/h4>\n\t\t\t\t\t\t\t\t\t\t\t\t\t\t\t\t\t\t\t\t\t\t\t\t\t<h4>Apex Gestion Priv\u00e9e<\/h4>\n\t\t\t\t\t\t\t<img decoding=\"async\" src=\"https:\/\/boomerang.click\/wp-content\/uploads\/2023\/04\/mp-circle.jpg\" alt=\"mp-circle\" \/>\n\t\t\t\t\t\t\t\t\t\t\t\t\t<p>I&rsquo;ve hired many marketing firms before so I&rsquo;m not a newbie when it comes to hiring agencies. These guys already knew my market and everything has been solid from the start. They are like magicians when it comes to online marketing. I&rsquo;m also not lying when I say that they created for us the best looking website for our market in our area! Customers let us know all the time.<\/p>\n\t\t\t\t\t\t\t\t\t\t\t\t\t\t\t\t\t<h4>Mathieu Pich\u00e9<\/h4>\n\t\t\t\t\t\t\t\t\t\t\t\t\t\t\t\t\t\t\t\t\t\t\t\t\t<h4>Zone Confort             <\/h4>\n\t\t\t\t<!-- \/.pp-testimonials -->\n\n","protected":false},"excerpt":{"rendered":"<p>GOUVERNEMENT DU CANADA Programme canadien d&rsquo;adoption num\u00e9rique La subvention Boost Your Business Technology offre aux entreprises canadiennes \u00e0 but lucratif une subvention salariale de 7 300 $ ainsi que 15 000 $ pour les conseils d&rsquo;un conseiller num\u00e9rique et jusqu&rsquo;\u00e0 100 000 $ en pr\u00eats sans int\u00e9r\u00eat pour la mise en \u0153uvre de la technologie. [&hellip;]<\/p>\n","protected":false},"author":2,"featured_media":0,"parent":0,"menu_order":0,"comment_status":"closed","ping_status":"closed","template":"","meta":{"_seopress_robots_primary_cat":"","_seopress_titles_title":"","_seopress_titles_desc":"","_seopress_robots_index":"","site-sidebar-layout":"no-sidebar","site-content-layout":"page-builder","ast-site-content-layout":"default","site-content-style":"default","site-sidebar-style":"default","ast-global-header-display":"","ast-banner-title-visibility":"","ast-main-header-display":"","ast-hfb-above-header-display":"","ast-hfb-below-header-display":"","ast-hfb-mobile-header-display":"","site-post-title":"disabled","ast-breadcrumbs-content":"disabled","ast-featured-img":"","footer-sml-layout":"disabled","ast-disable-related-posts":"","theme-transparent-header-meta":"default","adv-header-id-meta":"","stick-header-meta":"","header-above-stick-meta":"","header-main-stick-meta":"","header-below-stick-meta":"","astra-migrate-meta-layouts":"default","ast-page-background-enabled":"default","ast-page-background-meta":{"desktop":{"background-color":"var(--ast-global-color-4)","background-image":"","background-repeat":"repeat","background-position":"center center","background-size":"auto","background-attachment":"scroll","background-type":"","background-media":"","overlay-type":"","overlay-color":"","overlay-opacity":"","overlay-gradient":""},"tablet":{"background-color":"","background-image":"","background-repeat":"repeat","background-position":"center center","background-size":"auto","background-attachment":"scroll","background-type":"","background-media":"","overlay-type":"","overlay-color":"","overlay-opacity":"","overlay-gradient":""},"mobile":{"background-color":"","background-image":"","background-repeat":"repeat","background-position":"center center","background-size":"auto","background-attachment":"scroll","background-type":"","background-media":"","overlay-type":"","overlay-color":"","overlay-opacity":"","overlay-gradient":""}},"ast-content-background-meta":{"desktop":{"background-color":"var(--ast-global-color-5)","background-image":"","background-repeat":"repeat","background-position":"center center","background-size":"auto","background-attachment":"scroll","background-type":"","background-media":"","overlay-type":"","overlay-color":"","overlay-opacity":"","overlay-gradient":""},"tablet":{"background-color":"var(--ast-global-color-5)","background-image":"","background-repeat":"repeat","background-position":"center center","background-size":"auto","background-attachment":"scroll","background-type":"","background-media":"","overlay-type":"","overlay-color":"","overlay-opacity":"","overlay-gradient":""},"mobile":{"background-color":"var(--ast-global-color-5)","background-image":"","background-repeat":"repeat","background-position":"center center","background-size":"auto","background-attachment":"scroll","background-type":"","background-media":"","overlay-type":"","overlay-color":"","overlay-opacity":"","overlay-gradient":""}},"footnotes":""},"class_list":["post-1867","page","type-page","status-publish","hentry"],"_links":{"self":[{"href":"https:\/\/boomerang.click\/fr\/wp-json\/wp\/v2\/pages\/1867","targetHints":{"allow":["GET"]}}],"collection":[{"href":"https:\/\/boomerang.click\/fr\/wp-json\/wp\/v2\/pages"}],"about":[{"href":"https:\/\/boomerang.click\/fr\/wp-json\/wp\/v2\/types\/page"}],"author":[{"embeddable":true,"href":"https:\/\/boomerang.click\/fr\/wp-json\/wp\/v2\/users\/2"}],"replies":[{"embeddable":true,"href":"https:\/\/boomerang.click\/fr\/wp-json\/wp\/v2\/comments?post=1867"}],"version-history":[{"count":3,"href":"https:\/\/boomerang.click\/fr\/wp-json\/wp\/v2\/pages\/1867\/revisions"}],"predecessor-version":[{"id":1874,"href":"https:\/\/boomerang.click\/fr\/wp-json\/wp\/v2\/pages\/1867\/revisions\/1874"}],"wp:attachment":[{"href":"https:\/\/boomerang.click\/fr\/wp-json\/wp\/v2\/media?parent=1867"}],"curies":[{"name":"wp","href":"https:\/\/api.w.org\/{rel}","templated":true}]}}