{"id":1997,"date":"2023-08-09T17:22:22","date_gmt":"2023-08-09T17:22:22","guid":{"rendered":"https:\/\/boomerang.click\/?page_id=1997"},"modified":"2023-08-25T15:15:39","modified_gmt":"2023-08-25T15:15:39","slug":"pcan2-resultats","status":"publish","type":"page","link":"https:\/\/boomerang.click\/fr\/pcan2-resultats\/","title":{"rendered":"PCAN2-resultats"},"content":{"rendered":"\n\n\t\t\t\t<img loading=\"lazy\" decoding=\"async\" src=\"https:\/\/boomerang.click\/wp-content\/uploads\/2023\/08\/fc6d52570ef5e56d2a1e4d77ce44831f_674_80.webp\" alt=\"fc6d52570ef5e56d2a1e4d77ce44831f_674_80\" itemprop=\"image\" height=\"107\" width=\"587\" title=\"fc6d52570ef5e56d2a1e4d77ce44831f_674_80\" onerror=\"this.style.display='none'\"  \/>\n<h2>\n\t\t<a href=\"tel:450-274-1480\" title=\"&lt;span class=&quot;pp-icon fas fa-phone-square-alt&quot;&gt;&lt;\/span&gt; 450-274-1480\" target=\"_self\" rel=\"noopener\">\n\t\t 450-274-1480\n\t\t<\/a>\n\t<\/h2>\n<h2>\n\t\tF\u00e9licitations! Vous devriez avoir le droit de recevoir entre $15000 \u00e0 $24700 en subventions!\n\t<\/h2>\n<h5><strong>Et en bonus&#8230; un pr\u00eat 0% sans int\u00e9r\u00eats jusqu&rsquo;\u00e0 $100 000 de la BDC,\u00a0 remboursable sur 6 ans.<\/strong><\/h5>\n<p>Le montant estim\u00e9 est bas\u00e9 sur vos r\u00e9ponses au questionnaire pr\u00e9c\u00e9dant.<\/p>\n<p>Il s&rsquo;agit de subventions gouvernementales pour aider votre entreprise \u00e0 avancer dans le domaine num\u00e9rique.<\/p>\n<p>Pour en b\u00e9n\u00e9ficier, vous devez embaucher une firme accr\u00e9dit\u00e9e par le gouvernement, comme la n\u00f4tre!<\/p>\n<h2>\n\t\tNous pouvons vous aider; il suffit de prendre un rendez-vous avec l&rsquo;un de nos consultants pour bien comprendre vos besoins.\n\t<\/h2>\n\t\t\t<a href=\"#calendrier\" target=\"_self\" rel=\"noopener\">\n\t\t\t\t\t\t\tPrenez un rendez-vous\n\t\t\t<\/a>\n\t<iframe src=\"https:\/\/api.hubsession.com\/widget\/booking\/VwNuaJZ8fzZ2SpP5ydXj\" scrolling=\"no\" id=\"msgsndr-calendar\"><\/iframe><br \/>\n\t\t\t\t<a href=\"\/\" target=\"_self\" itemprop=\"url\" rel=\"noopener\">\n\t\t\t\t<img loading=\"lazy\" decoding=\"async\" src=\"https:\/\/boomerang.click\/wp-content\/uploads\/2023\/04\/gpartner-2.png\" alt=\"gpartner\" itemprop=\"image\" height=\"190\" width=\"300\" title=\"gpartner\" onerror=\"this.style.display='none'\"  \/>\n\t\t\t\t<\/a>\n\t\t\t\t<a href=\"\/\" target=\"_self\" itemprop=\"url\" rel=\"noopener\">\n\t\t\t\t<img loading=\"lazy\" decoding=\"async\" src=\"https:\/\/boomerang.click\/wp-content\/uploads\/2023\/08\/a7df8b83a22ad72950d11360b877e86f_1138_80.webp\" alt=\"a7df8b83a22ad72950d11360b877e86f_1138_80\" itemprop=\"image\" height=\"172\" width=\"300\" title=\"a7df8b83a22ad72950d11360b877e86f_1138_80\" onerror=\"this.style.display='none'\"  \/>\n\t\t\t\t<\/a>\n\t\t\t\t<a href=\"\/\" target=\"_self\" itemprop=\"url\" rel=\"noopener\">\n\t\t\t\t<img loading=\"lazy\" decoding=\"async\" src=\"https:\/\/boomerang.click\/wp-content\/uploads\/2023\/08\/c64a0b249e6dc9a66221caf214f03447_1138_80.webp\" alt=\"c64a0b249e6dc9a66221caf214f03447_1138_80\" itemprop=\"image\" height=\"289\" width=\"1138\" title=\"c64a0b249e6dc9a66221caf214f03447_1138_80\" onerror=\"this.style.display='none'\"  \/>\n\t\t\t\t<\/a>\n\t\t\t\t<a href=\"\/\" target=\"_self\" itemprop=\"url\" rel=\"noopener\">\n\t\t\t\t<img loading=\"lazy\" decoding=\"async\" src=\"https:\/\/boomerang.click\/wp-content\/uploads\/2023\/08\/1cf699b73edf10400bf3fd50361d7cc6_1138_80.webp\" alt=\"1cf699b73edf10400bf3fd50361d7cc6_1138_80\" itemprop=\"image\" height=\"223\" width=\"1138\" title=\"1cf699b73edf10400bf3fd50361d7cc6_1138_80\" onerror=\"this.style.display='none'\"  \/>\n\t\t\t\t<\/a>\n\t\t\t\t<img loading=\"lazy\" decoding=\"async\" src=\"https:\/\/boomerang.click\/wp-content\/uploads\/2023\/08\/a7dafb1806554d691f55131a8670d393_195.png\" alt=\"a7dafb1806554d691f55131a8670d393_195\" itemprop=\"image\" height=\"107\" width=\"587\" title=\"a7dafb1806554d691f55131a8670d393_195\" onerror=\"this.style.display='none'\"  \/>\n\t<p>\u00a9 2023 Boomerang &#8211; Tous droits r\u00e9serv\u00e9s<\/p>\n<h3>\n\t\tContactez-nous\n\t<\/h3>\n\t\t<ul>\n\t\t\t\t\t<li>\n\t\t\t\t\n\t\t<p><strong>appelez-nous au<\/strong>: 450-274-1480<\/p>\n\t\t\t<\/li>\n\t\t\t\t\t<li>\n\t\t\t\t\n\t\t<p><strong>par courriel \u00e0<\/strong>: info@boomerang.click<\/p>\n\t\t\t<\/li>\n\t\t\t\t<\/ul>\n\n","protected":false},"excerpt":{"rendered":"<p>450-274-1480 F\u00e9licitations! Vous devriez avoir le droit de recevoir entre $15000 \u00e0 $24700 en subventions! Et en bonus&#8230; un pr\u00eat 0% sans int\u00e9r\u00eats jusqu&rsquo;\u00e0 $100 000 de la BDC,\u00a0 remboursable sur 6 ans. Le montant estim\u00e9 est bas\u00e9 sur vos r\u00e9ponses au questionnaire pr\u00e9c\u00e9dant. Il s&rsquo;agit de subventions gouvernementales pour aider votre entreprise \u00e0 avancer [&hellip;]<\/p>\n","protected":false},"author":1,"featured_media":0,"parent":0,"menu_order":0,"comment_status":"closed","ping_status":"closed","template":"","meta":{"_seopress_robots_primary_cat":"","_seopress_titles_title":"","_seopress_titles_desc":"","_seopress_robots_index":"","site-sidebar-layout":"no-sidebar","site-content-layout":"page-builder","ast-site-content-layout":"default","site-content-style":"default","site-sidebar-style":"default","ast-global-header-display":"","ast-banner-title-visibility":"disabled","ast-main-header-display":"disabled","ast-hfb-above-header-display":"","ast-hfb-below-header-display":"","ast-hfb-mobile-header-display":"disabled","site-post-title":"disabled","ast-breadcrumbs-content":"disabled","ast-featured-img":"disabled","footer-sml-layout":"disabled","ast-disable-related-posts":"","theme-transparent-header-meta":"disabled","adv-header-id-meta":"","stick-header-meta":"","header-above-stick-meta":"","header-main-stick-meta":"","header-below-stick-meta":"","astra-migrate-meta-layouts":"default","ast-page-background-enabled":"default","ast-page-background-meta":{"desktop":{"background-color":"var(--ast-global-color-4)","background-image":"","background-repeat":"repeat","background-position":"center center","background-size":"auto","background-attachment":"scroll","background-type":"","background-media":"","overlay-type":"","overlay-color":"","overlay-opacity":"","overlay-gradient":""},"tablet":{"background-color":"","background-image":"","background-repeat":"repeat","background-position":"center center","background-size":"auto","background-attachment":"scroll","background-type":"","background-media":"","overlay-type":"","overlay-color":"","overlay-opacity":"","overlay-gradient":""},"mobile":{"background-color":"","background-image":"","background-repeat":"repeat","background-position":"center center","background-size":"auto","background-attachment":"scroll","background-type":"","background-media":"","overlay-type":"","overlay-color":"","overlay-opacity":"","overlay-gradient":""}},"ast-content-background-meta":{"desktop":{"background-color":"var(--ast-global-color-5)","background-image":"","background-repeat":"repeat","background-position":"center center","background-size":"auto","background-attachment":"scroll","background-type":"","background-media":"","overlay-type":"","overlay-color":"","overlay-opacity":"","overlay-gradient":""},"tablet":{"background-color":"var(--ast-global-color-5)","background-image":"","background-repeat":"repeat","background-position":"center center","background-size":"auto","background-attachment":"scroll","background-type":"","background-media":"","overlay-type":"","overlay-color":"","overlay-opacity":"","overlay-gradient":""},"mobile":{"background-color":"var(--ast-global-color-5)","background-image":"","background-repeat":"repeat","background-position":"center center","background-size":"auto","background-attachment":"scroll","background-type":"","background-media":"","overlay-type":"","overlay-color":"","overlay-opacity":"","overlay-gradient":""}},"footnotes":""},"class_list":["post-1997","page","type-page","status-publish","hentry"],"_links":{"self":[{"href":"https:\/\/boomerang.click\/fr\/wp-json\/wp\/v2\/pages\/1997","targetHints":{"allow":["GET"]}}],"collection":[{"href":"https:\/\/boomerang.click\/fr\/wp-json\/wp\/v2\/pages"}],"about":[{"href":"https:\/\/boomerang.click\/fr\/wp-json\/wp\/v2\/types\/page"}],"author":[{"embeddable":true,"href":"https:\/\/boomerang.click\/fr\/wp-json\/wp\/v2\/users\/1"}],"replies":[{"embeddable":true,"href":"https:\/\/boomerang.click\/fr\/wp-json\/wp\/v2\/comments?post=1997"}],"version-history":[{"count":8,"href":"https:\/\/boomerang.click\/fr\/wp-json\/wp\/v2\/pages\/1997\/revisions"}],"predecessor-version":[{"id":2038,"href":"https:\/\/boomerang.click\/fr\/wp-json\/wp\/v2\/pages\/1997\/revisions\/2038"}],"wp:attachment":[{"href":"https:\/\/boomerang.click\/fr\/wp-json\/wp\/v2\/media?parent=1997"}],"curies":[{"name":"wp","href":"https:\/\/api.w.org\/{rel}","templated":true}]}}