{"id":2014,"date":"2023-08-09T19:02:36","date_gmt":"2023-08-09T19:02:36","guid":{"rendered":"https:\/\/boomerang.click\/?page_id=2014"},"modified":"2023-08-09T20:03:53","modified_gmt":"2023-08-09T20:03:53","slug":"rendez-vous-pcan","status":"publish","type":"page","link":"https:\/\/boomerang.click\/fr\/rendez-vous-pcan\/","title":{"rendered":"Planifiez un rendez-vous"},"content":{"rendered":"\n\n\t\t\t\t<img loading=\"lazy\" decoding=\"async\" src=\"https:\/\/boomerang.click\/wp-content\/uploads\/2023\/08\/fc6d52570ef5e56d2a1e4d77ce44831f_674_80.webp\" alt=\"fc6d52570ef5e56d2a1e4d77ce44831f_674_80\" itemprop=\"image\" height=\"107\" width=\"587\" title=\"fc6d52570ef5e56d2a1e4d77ce44831f_674_80\" onerror=\"this.style.display='none'\"  \/>\n<h2>\n\t\t<a href=\"tel:450-274-1480\" title=\"&lt;span class=&quot;pp-icon fas fa-phone-square-alt&quot;&gt;&lt;\/span&gt; 450-274-1480\" target=\"_self\" rel=\"noopener\">\n\t\t 450-274-1480\n\t\t<\/a>\n\t<\/h2>\n<h2>\n\t\tVous \u00eates \u00e9ligible ou d\u00e9j\u00e0 pr\u00e9approuv\u00e9 pour la subvention PCAN? Ou vous avez peut-\u00eatre des questions?\n\t<\/h2>\n<h5><strong>Il suffit de prendre un rendez-vous avec un de nos conseillers num\u00e9riques pour bien vous diriger.<\/strong><\/h5>\n<p>Nous offrons un service cl\u00e9 en main pour vous conseiller dans tout ce qui est num\u00e9rique et pour la cr\u00e9ation de votre plan num\u00e9rique qui r\u00e9pondra aux normes PCAN.<\/p>\n\t\t\t<a href=\"#calendrier\" target=\"_self\" rel=\"noopener\">\n\t\t\t\t\t\t\tPlanifiez un rendez-vous\n\t\t\t<\/a>\n\t<iframe src=\"https:\/\/api.hubsession.com\/widget\/booking\/VwNuaJZ8fzZ2SpP5ydXj\" scrolling=\"no\" id=\"msgsndr-calendar\"><\/iframe><br \/>\n\t\t\t\t<a href=\"\/\" target=\"_self\" itemprop=\"url\" rel=\"noopener\">\n\t\t\t\t<img loading=\"lazy\" decoding=\"async\" src=\"https:\/\/boomerang.click\/wp-content\/uploads\/2023\/04\/gpartner-2.png\" alt=\"gpartner\" itemprop=\"image\" height=\"190\" width=\"300\" title=\"gpartner\" onerror=\"this.style.display='none'\"  \/>\n\t\t\t\t<\/a>\n\t\t\t\t<a href=\"\/\" target=\"_self\" itemprop=\"url\" rel=\"noopener\">\n\t\t\t\t<img loading=\"lazy\" decoding=\"async\" src=\"https:\/\/boomerang.click\/wp-content\/uploads\/2023\/08\/a7df8b83a22ad72950d11360b877e86f_1138_80.webp\" alt=\"a7df8b83a22ad72950d11360b877e86f_1138_80\" itemprop=\"image\" height=\"172\" width=\"300\" title=\"a7df8b83a22ad72950d11360b877e86f_1138_80\" onerror=\"this.style.display='none'\"  \/>\n\t\t\t\t<\/a>\n\t\t\t\t<a href=\"\/\" target=\"_self\" itemprop=\"url\" rel=\"noopener\">\n\t\t\t\t<img loading=\"lazy\" decoding=\"async\" src=\"https:\/\/boomerang.click\/wp-content\/uploads\/2023\/08\/c64a0b249e6dc9a66221caf214f03447_1138_80.webp\" alt=\"c64a0b249e6dc9a66221caf214f03447_1138_80\" itemprop=\"image\" height=\"289\" width=\"1138\" title=\"c64a0b249e6dc9a66221caf214f03447_1138_80\" onerror=\"this.style.display='none'\"  \/>\n\t\t\t\t<\/a>\n\t\t\t\t<a href=\"\/\" target=\"_self\" itemprop=\"url\" rel=\"noopener\">\n\t\t\t\t<img loading=\"lazy\" decoding=\"async\" src=\"https:\/\/boomerang.click\/wp-content\/uploads\/2023\/08\/1cf699b73edf10400bf3fd50361d7cc6_1138_80.webp\" alt=\"1cf699b73edf10400bf3fd50361d7cc6_1138_80\" itemprop=\"image\" height=\"223\" width=\"1138\" title=\"1cf699b73edf10400bf3fd50361d7cc6_1138_80\" onerror=\"this.style.display='none'\"  \/>\n\t\t\t\t<\/a>\n\t\t\t\t<img loading=\"lazy\" decoding=\"async\" src=\"https:\/\/boomerang.click\/wp-content\/uploads\/2023\/08\/a7dafb1806554d691f55131a8670d393_195.png\" alt=\"a7dafb1806554d691f55131a8670d393_195\" itemprop=\"image\" height=\"107\" width=\"587\" title=\"a7dafb1806554d691f55131a8670d393_195\" onerror=\"this.style.display='none'\"  \/>\n\t<p>\u00a9 2023 Boomerang &#8211; Tous droits r\u00e9serv\u00e9s<\/p>\n<h3>\n\t\tContactez-nous\n\t<\/h3>\n\t\t<ul>\n\t\t\t\t\t<li>\n\t\t\t\t\n\t\t<p><strong>appelez-nous au<\/strong>: 450-274-1480<\/p>\n\t\t\t<\/li>\n\t\t\t\t\t<li>\n\t\t\t\t\n\t\t<p><strong>par courriel \u00e0<\/strong>: info@boomerang.click<\/p>\n\t\t\t<\/li>\n\t\t\t\t<\/ul>\n\n","protected":false},"excerpt":{"rendered":"<p>450-274-1480 Vous \u00eates \u00e9ligible ou d\u00e9j\u00e0 pr\u00e9approuv\u00e9 pour la subvention PCAN? Ou vous avez peut-\u00eatre des questions? Il suffit de prendre un rendez-vous avec un de nos conseillers num\u00e9riques pour bien vous diriger. Nous offrons un service cl\u00e9 en main pour vous conseiller dans tout ce qui est num\u00e9rique et pour la cr\u00e9ation de votre [&hellip;]<\/p>\n","protected":false},"author":1,"featured_media":0,"parent":0,"menu_order":0,"comment_status":"closed","ping_status":"closed","template":"","meta":{"_seopress_robots_primary_cat":"","_seopress_titles_title":"","_seopress_titles_desc":"","_seopress_robots_index":"","site-sidebar-layout":"no-sidebar","site-content-layout":"page-builder","ast-site-content-layout":"default","site-content-style":"default","site-sidebar-style":"default","ast-global-header-display":"","ast-banner-title-visibility":"disabled","ast-main-header-display":"disabled","ast-hfb-above-header-display":"","ast-hfb-below-header-display":"","ast-hfb-mobile-header-display":"disabled","site-post-title":"disabled","ast-breadcrumbs-content":"disabled","ast-featured-img":"disabled","footer-sml-layout":"disabled","ast-disable-related-posts":"","theme-transparent-header-meta":"disabled","adv-header-id-meta":"","stick-header-meta":"","header-above-stick-meta":"","header-main-stick-meta":"","header-below-stick-meta":"","astra-migrate-meta-layouts":"default","ast-page-background-enabled":"default","ast-page-background-meta":{"desktop":{"background-color":"var(--ast-global-color-4)","background-image":"","background-repeat":"repeat","background-position":"center center","background-size":"auto","background-attachment":"scroll","background-type":"","background-media":"","overlay-type":"","overlay-color":"","overlay-opacity":"","overlay-gradient":""},"tablet":{"background-color":"","background-image":"","background-repeat":"repeat","background-position":"center center","background-size":"auto","background-attachment":"scroll","background-type":"","background-media":"","overlay-type":"","overlay-color":"","overlay-opacity":"","overlay-gradient":""},"mobile":{"background-color":"","background-image":"","background-repeat":"repeat","background-position":"center center","background-size":"auto","background-attachment":"scroll","background-type":"","background-media":"","overlay-type":"","overlay-color":"","overlay-opacity":"","overlay-gradient":""}},"ast-content-background-meta":{"desktop":{"background-color":"var(--ast-global-color-5)","background-image":"","background-repeat":"repeat","background-position":"center center","background-size":"auto","background-attachment":"scroll","background-type":"","background-media":"","overlay-type":"","overlay-color":"","overlay-opacity":"","overlay-gradient":""},"tablet":{"background-color":"var(--ast-global-color-5)","background-image":"","background-repeat":"repeat","background-position":"center center","background-size":"auto","background-attachment":"scroll","background-type":"","background-media":"","overlay-type":"","overlay-color":"","overlay-opacity":"","overlay-gradient":""},"mobile":{"background-color":"var(--ast-global-color-5)","background-image":"","background-repeat":"repeat","background-position":"center center","background-size":"auto","background-attachment":"scroll","background-type":"","background-media":"","overlay-type":"","overlay-color":"","overlay-opacity":"","overlay-gradient":""}},"footnotes":""},"class_list":["post-2014","page","type-page","status-publish","hentry"],"_links":{"self":[{"href":"https:\/\/boomerang.click\/fr\/wp-json\/wp\/v2\/pages\/2014","targetHints":{"allow":["GET"]}}],"collection":[{"href":"https:\/\/boomerang.click\/fr\/wp-json\/wp\/v2\/pages"}],"about":[{"href":"https:\/\/boomerang.click\/fr\/wp-json\/wp\/v2\/types\/page"}],"author":[{"embeddable":true,"href":"https:\/\/boomerang.click\/fr\/wp-json\/wp\/v2\/users\/1"}],"replies":[{"embeddable":true,"href":"https:\/\/boomerang.click\/fr\/wp-json\/wp\/v2\/comments?post=2014"}],"version-history":[{"count":4,"href":"https:\/\/boomerang.click\/fr\/wp-json\/wp\/v2\/pages\/2014\/revisions"}],"predecessor-version":[{"id":2031,"href":"https:\/\/boomerang.click\/fr\/wp-json\/wp\/v2\/pages\/2014\/revisions\/2031"}],"wp:attachment":[{"href":"https:\/\/boomerang.click\/fr\/wp-json\/wp\/v2\/media?parent=2014"}],"curies":[{"name":"wp","href":"https:\/\/api.w.org\/{rel}","templated":true}]}}